{"id":5264,"date":"2025-03-16T12:19:53","date_gmt":"2025-03-16T17:19:53","guid":{"rendered":"https:\/\/sitioweb.minkaytec.com\/?page_id=5264"},"modified":"2025-04-02T09:39:57","modified_gmt":"2025-04-02T14:39:57","slug":"ica","status":"publish","type":"page","link":"https:\/\/cmperuviajesyaventuras.com\/en\/ica\/","title":{"rendered":"ICA"},"content":{"rendered":"<div data-elementor-type=\"wp-page\" data-elementor-id=\"5264\" class=\"elementor elementor-5264\" data-elementor-post-type=\"page\">\n\t\t\t\t\t\t<section class=\"elementor-section elementor-top-section elementor-element elementor-element-e23e31f elementor-section-boxed elementor-section-height-default elementor-section-height-default elementor-invisible\" data-id=\"e23e31f\" data-element_type=\"section\" data-settings=\"{&quot;animation&quot;:&quot;zoomIn&quot;}\">\n\t\t\t\t\t\t<div class=\"elementor-container elementor-column-gap-default\">\n\t\t\t\t\t<div class=\"elementor-column elementor-col-100 elementor-top-column elementor-element elementor-element-88c03b6\" data-id=\"88c03b6\" data-element_type=\"column\">\n\t\t\t<div class=\"elementor-widget-wrap elementor-element-populated\">\n\t\t\t\t\t\t<div class=\"elementor-element elementor-element-27b0c69 elementor-widget elementor-widget-heading\" data-id=\"27b0c69\" data-element_type=\"widget\" data-widget_type=\"heading.default\">\n\t\t\t\t<div class=\"elementor-widget-container\">\n\t\t\t\t\t<h2 class=\"elementor-heading-title elementor-size-default\">Ica - Land of the sun and wine<\/h2>\t\t\t\t<\/div>\n\t\t\t\t<\/div>\n\t\t\t\t\t<\/div>\n\t\t<\/div>\n\t\t\t\t\t<\/div>\n\t\t<\/section>\n\t\t\t\t<section class=\"elementor-section elementor-top-section elementor-element elementor-element-9be4661 elementor-section-boxed elementor-section-height-default elementor-section-height-default elementor-invisible\" data-id=\"9be4661\" data-element_type=\"section\" data-settings=\"{&quot;animation&quot;:&quot;zoomIn&quot;}\">\n\t\t\t\t\t\t<div class=\"elementor-container elementor-column-gap-default\">\n\t\t\t\t\t<div class=\"elementor-column elementor-col-100 elementor-top-column elementor-element elementor-element-d602fea\" data-id=\"d602fea\" data-element_type=\"column\">\n\t\t\t<div class=\"elementor-widget-wrap elementor-element-populated\">\n\t\t\t\t\t\t<div class=\"elementor-element elementor-element-14d4eab elementor-widget elementor-widget-image\" data-id=\"14d4eab\" data-element_type=\"widget\" data-widget_type=\"image.default\">\n\t\t\t\t<div class=\"elementor-widget-container\">\n\t\t\t\t\t\t\t\t\t\t\t\t\t\t\t<img decoding=\"async\" src=\"https:\/\/cmperuviajesyaventuras.com\/wp-content\/uploads\/elementor\/thumbs\/lineas-de-nazca-1-r3076ty6qny516xr6x450lr3v7zhfe8hzz9e3exwzk.jpg\" title=\"lineas-de-nazca-1\" alt=\"lineas-de-nazca-1\" loading=\"lazy\" \/>\t\t\t\t\t\t\t\t\t\t\t\t\t\t\t<\/div>\n\t\t\t\t<\/div>\n\t\t\t\t\t<\/div>\n\t\t<\/div>\n\t\t\t\t\t<\/div>\n\t\t<\/section>\n\t\t\t\t<section class=\"elementor-section elementor-top-section elementor-element elementor-element-8503106 elementor-section-boxed elementor-section-height-default elementor-section-height-default elementor-invisible\" data-id=\"8503106\" data-element_type=\"section\" data-settings=\"{&quot;animation&quot;:&quot;zoomIn&quot;}\">\n\t\t\t\t\t\t<div class=\"elementor-container elementor-column-gap-default\">\n\t\t\t\t\t<div class=\"elementor-column elementor-col-100 elementor-top-column elementor-element elementor-element-596c38f\" data-id=\"596c38f\" data-element_type=\"column\">\n\t\t\t<div class=\"elementor-widget-wrap elementor-element-populated\">\n\t\t\t\t\t\t<div class=\"elementor-element elementor-element-0cde75a elementor-widget elementor-widget-text-editor\" data-id=\"0cde75a\" data-element_type=\"widget\" data-widget_type=\"text-editor.default\">\n\t\t\t\t<div class=\"elementor-widget-container\">\n\t\t\t\t\t\t\t\t\t<p class=\"translation-block\">Location: South coast of Peru.<\/p>\t\t\t\t\t\t\t\t<\/div>\n\t\t\t\t<\/div>\n\t\t\t\t\t<\/div>\n\t\t<\/div>\n\t\t\t\t\t<\/div>\n\t\t<\/section>\n\t\t\t\t<section class=\"elementor-section elementor-top-section elementor-element elementor-element-3338a6b elementor-section-boxed elementor-section-height-default elementor-section-height-default elementor-invisible\" data-id=\"3338a6b\" data-element_type=\"section\" data-settings=\"{&quot;animation&quot;:&quot;zoomIn&quot;}\">\n\t\t\t\t\t\t<div class=\"elementor-container elementor-column-gap-default\">\n\t\t\t\t\t<div class=\"elementor-column elementor-col-100 elementor-top-column elementor-element elementor-element-aa4705f\" data-id=\"aa4705f\" data-element_type=\"column\">\n\t\t\t<div class=\"elementor-widget-wrap elementor-element-populated\">\n\t\t\t\t\t\t<div class=\"elementor-element elementor-element-650e71f elementor-widget elementor-widget-text-editor\" data-id=\"650e71f\" data-element_type=\"widget\" data-widget_type=\"text-editor.default\">\n\t\t\t\t<div class=\"elementor-widget-container\">\n\t\t\t\t\t\t\t\t\t<p>Ica is a region of contrasts where the desert meets the sea and history merges with adventure. It's known for its vineyards, its impressive dunes, and the enigmatic Nazca culture.<\/p>\t\t\t\t\t\t\t\t<\/div>\n\t\t\t\t<\/div>\n\t\t\t\t\t<\/div>\n\t\t<\/div>\n\t\t\t\t\t<\/div>\n\t\t<\/section>\n\t\t\t\t<section class=\"elementor-section elementor-top-section elementor-element elementor-element-f60a976 elementor-section-boxed elementor-section-height-default elementor-section-height-default elementor-invisible\" data-id=\"f60a976\" data-element_type=\"section\" data-settings=\"{&quot;animation&quot;:&quot;zoomIn&quot;}\">\n\t\t\t\t\t\t<div class=\"elementor-container elementor-column-gap-default\">\n\t\t\t\t\t<div class=\"elementor-column elementor-col-50 elementor-top-column elementor-element elementor-element-0a0bb16\" data-id=\"0a0bb16\" data-element_type=\"column\">\n\t\t\t<div class=\"elementor-widget-wrap elementor-element-populated\">\n\t\t\t\t\t\t<div class=\"elementor-element elementor-element-d82c944 elementor-widget elementor-widget-text-editor\" data-id=\"d82c944\" data-element_type=\"widget\" data-widget_type=\"text-editor.default\">\n\t\t\t\t<div class=\"elementor-widget-container\">\n\t\t\t\t\t\t\t\t\t<p><strong>Tourist Attractions:<\/strong><\/p><ul><li class=\"translation-block\">Huacachina: An oasis surrounded by dunes, ideal for sandboarding and buggy rides.<\/li><li class=\"translation-block\">Ballestas Islands: Marine wildlife sanctuary with sea lions, penguins and exotic birds.<\/li><li class=\"translation-block\">Nazca Lines: Mysterious, large geoglyphs, visible from the air.<\/li><li class=\"translation-block\">Paracas National Reserve: A biodiversity paradise with beautiful beaches and cliffs.<\/li><li class=\"translation-block\">Wineries: Places where wines and the famous Peruvian Pisco are made.<\/li><\/ul>\t\t\t\t\t\t\t\t<\/div>\n\t\t\t\t<\/div>\n\t\t\t\t\t<\/div>\n\t\t<\/div>\n\t\t\t\t<div class=\"elementor-column elementor-col-50 elementor-top-column elementor-element elementor-element-8e2a8eb\" data-id=\"8e2a8eb\" data-element_type=\"column\">\n\t\t\t<div class=\"elementor-widget-wrap elementor-element-populated\">\n\t\t\t\t\t\t<div class=\"elementor-element elementor-element-31365ac elementor-widget elementor-widget-image\" data-id=\"31365ac\" data-element_type=\"widget\" data-widget_type=\"image.default\">\n\t\t\t\t<div class=\"elementor-widget-container\">\n\t\t\t\t\t\t\t\t\t\t\t\t\t\t\t<img decoding=\"async\" src=\"https:\/\/cmperuviajesyaventuras.com\/wp-content\/uploads\/elementor\/thumbs\/huacachina-laguna-r308htvoggbutr84w8rhkn4u7jzxv2cnqcxblrj774.jpg\" title=\"huacachina-laguna\" alt=\"huacachina-laguna\" loading=\"lazy\" \/>\t\t\t\t\t\t\t\t\t\t\t\t\t\t\t<\/div>\n\t\t\t\t<\/div>\n\t\t\t\t\t<\/div>\n\t\t<\/div>\n\t\t\t\t\t<\/div>\n\t\t<\/section>\n\t\t\t\t<\/div>","protected":false},"excerpt":{"rendered":"<p>Ica &#8211; Tierra del sol y el vino Ubicaci\u00f3n: Costa sur del Per\u00fa. Ica es una regi\u00f3n de contrastes donde el desierto se une con el mar y la historia se fusiona con la aventura. Es conocida por sus vi\u00f1edos, sus impresionantes dunas y la enigm\u00e1tica cultura Nazca. Atractivos Tur\u00edsticos: Huacachina: Un oasis rodeado de [&hellip;]<\/p>","protected":false},"author":1,"featured_media":0,"parent":0,"menu_order":0,"comment_status":"closed","ping_status":"closed","template":"","meta":{"_bbp_topic_count":0,"_bbp_reply_count":0,"_bbp_total_topic_count":0,"_bbp_total_reply_count":0,"_bbp_voice_count":0,"_bbp_anonymous_reply_count":0,"_bbp_topic_count_hidden":0,"_bbp_reply_count_hidden":0,"_bbp_forum_subforum_count":0,"footnotes":""},"class_list":["post-5264","page","type-page","status-publish","hentry"],"aioseo_notices":[],"yoast_head":"<!-- This site is optimized with the Yoast SEO plugin v26.1 - https:\/\/yoast.com\/wordpress\/plugins\/seo\/ -->\n<title>ICA - CM VIAJES Y AVENTURAS<\/title>\n<meta name=\"robots\" content=\"index, follow, max-snippet:-1, max-image-preview:large, max-video-preview:-1\" \/>\n<link rel=\"canonical\" href=\"https:\/\/cmperuviajesyaventuras.com\/en\/ica\/\" class=\"yoast-seo-meta-tag\" \/>\n<meta property=\"og:locale\" content=\"en_US\" class=\"yoast-seo-meta-tag\" \/>\n<meta property=\"og:type\" content=\"article\" class=\"yoast-seo-meta-tag\" \/>\n<meta property=\"og:title\" content=\"ICA - CM VIAJES Y AVENTURAS\" class=\"yoast-seo-meta-tag\" \/>\n<meta property=\"og:description\" content=\"Ica &#8211; Tierra del sol y el vino Ubicaci\u00f3n: Costa sur del Per\u00fa. Ica es una regi\u00f3n de contrastes donde el desierto se une con el mar y la historia se fusiona con la aventura. Es conocida por sus vi\u00f1edos, sus impresionantes dunas y la enigm\u00e1tica cultura Nazca. Atractivos Tur\u00edsticos: Huacachina: Un oasis rodeado de [&hellip;]\" class=\"yoast-seo-meta-tag\" \/>\n<meta property=\"og:url\" content=\"https:\/\/cmperuviajesyaventuras.com\/en\/ica\/\" class=\"yoast-seo-meta-tag\" \/>\n<meta property=\"og:site_name\" content=\"CM VIAJES Y AVENTURAS\" class=\"yoast-seo-meta-tag\" \/>\n<meta property=\"article:modified_time\" content=\"2025-04-02T14:39:57+00:00\" class=\"yoast-seo-meta-tag\" \/>\n<meta property=\"og:image\" content=\"https:\/\/cmperuviajesyaventuras.com\/wp-content\/uploads\/2025\/03\/lineas-de-nazca-1-150x150.jpg\" class=\"yoast-seo-meta-tag\" \/>\n<meta name=\"twitter:card\" content=\"summary_large_image\" class=\"yoast-seo-meta-tag\" \/>\n<meta name=\"twitter:label1\" content=\"Est. reading time\" class=\"yoast-seo-meta-tag\" \/>\n\t<meta name=\"twitter:data1\" content=\"1 minute\" class=\"yoast-seo-meta-tag\" \/>\n<script type=\"application\/ld+json\" class=\"yoast-schema-graph\">{\"@context\":\"https:\/\/schema.org\",\"@graph\":[{\"@type\":\"WebPage\",\"@id\":\"https:\/\/cmperuviajesyaventuras.com\/ica\/\",\"url\":\"https:\/\/cmperuviajesyaventuras.com\/ica\/\",\"name\":\"ICA - CM VIAJES Y AVENTURAS\",\"isPartOf\":{\"@id\":\"https:\/\/www.cmperuviajesyaventuras.com\/en\/#website\"},\"primaryImageOfPage\":{\"@id\":\"https:\/\/cmperuviajesyaventuras.com\/ica\/#primaryimage\"},\"image\":{\"@id\":\"https:\/\/cmperuviajesyaventuras.com\/ica\/#primaryimage\"},\"thumbnailUrl\":\"https:\/\/cmperuviajesyaventuras.com\/wp-content\/uploads\/2025\/03\/lineas-de-nazca-1-150x150.jpg\",\"datePublished\":\"2025-03-16T17:19:53+00:00\",\"dateModified\":\"2025-04-02T14:39:57+00:00\",\"breadcrumb\":{\"@id\":\"https:\/\/cmperuviajesyaventuras.com\/ica\/#breadcrumb\"},\"inLanguage\":\"en-US\",\"potentialAction\":[{\"@type\":\"ReadAction\",\"target\":[\"https:\/\/cmperuviajesyaventuras.com\/ica\/\"]}]},{\"@type\":\"ImageObject\",\"inLanguage\":\"en-US\",\"@id\":\"https:\/\/cmperuviajesyaventuras.com\/ica\/#primaryimage\",\"url\":\"https:\/\/cmperuviajesyaventuras.com\/wp-content\/uploads\/2025\/03\/lineas-de-nazca-1-150x150.jpg\",\"contentUrl\":\"https:\/\/cmperuviajesyaventuras.com\/wp-content\/uploads\/2025\/03\/lineas-de-nazca-1-150x150.jpg\"},{\"@type\":\"BreadcrumbList\",\"@id\":\"https:\/\/cmperuviajesyaventuras.com\/ica\/#breadcrumb\",\"itemListElement\":[{\"@type\":\"ListItem\",\"position\":1,\"name\":\"Portada\",\"item\":\"https:\/\/cmperuviajesyaventuras.com\/\"},{\"@type\":\"ListItem\",\"position\":2,\"name\":\"ICA\"}]},{\"@type\":\"WebSite\",\"@id\":\"https:\/\/www.cmperuviajesyaventuras.com\/en\/#website\",\"url\":\"https:\/\/www.cmperuviajesyaventuras.com\/en\/\",\"name\":\"CM VIAJES Y AVENTURAS\",\"description\":\"Agencia de Viajes y Turismo\",\"publisher\":{\"@id\":\"https:\/\/www.cmperuviajesyaventuras.com\/en\/#organization\"},\"potentialAction\":[{\"@type\":\"SearchAction\",\"target\":{\"@type\":\"EntryPoint\",\"urlTemplate\":\"https:\/\/www.cmperuviajesyaventuras.com\/en\/?s={search_term_string}\"},\"query-input\":{\"@type\":\"PropertyValueSpecification\",\"valueRequired\":true,\"valueName\":\"search_term_string\"}}],\"inLanguage\":\"en-US\"},{\"@type\":\"Organization\",\"@id\":\"https:\/\/www.cmperuviajesyaventuras.com\/en\/#organization\",\"name\":\"CM VIAJES Y AVENTURAS\",\"url\":\"https:\/\/www.cmperuviajesyaventuras.com\/en\/\",\"logo\":{\"@type\":\"ImageObject\",\"inLanguage\":\"en-US\",\"@id\":\"https:\/\/www.cmperuviajesyaventuras.com\/en\/#\/schema\/logo\/image\/\",\"url\":\"https:\/\/cmperuviajesyaventuras.com\/wp-content\/uploads\/2025\/02\/cropped-favicon-1.png\",\"contentUrl\":\"https:\/\/cmperuviajesyaventuras.com\/wp-content\/uploads\/2025\/02\/cropped-favicon-1.png\",\"width\":512,\"height\":512,\"caption\":\"CM VIAJES Y AVENTURAS\"},\"image\":{\"@id\":\"https:\/\/www.cmperuviajesyaventuras.com\/en\/#\/schema\/logo\/image\/\"}}]}<\/script>\n<!-- \/ Yoast SEO plugin. -->","yoast_head_json":{"title":"ICA - CM VIAJES Y AVENTURAS","robots":{"index":"index","follow":"follow","max-snippet":"max-snippet:-1","max-image-preview":"max-image-preview:large","max-video-preview":"max-video-preview:-1"},"canonical":"https:\/\/cmperuviajesyaventuras.com\/en\/ica\/","og_locale":"en_US","og_type":"article","og_title":"ICA - CM VIAJES Y AVENTURAS","og_description":"Ica &#8211; Tierra del sol y el vino Ubicaci\u00f3n: Costa sur del Per\u00fa. Ica es una regi\u00f3n de contrastes donde el desierto se une con el mar y la historia se fusiona con la aventura. Es conocida por sus vi\u00f1edos, sus impresionantes dunas y la enigm\u00e1tica cultura Nazca. Atractivos Tur\u00edsticos: Huacachina: Un oasis rodeado de [&hellip;]","og_url":"https:\/\/cmperuviajesyaventuras.com\/en\/ica\/","og_site_name":"CM VIAJES Y AVENTURAS","article_modified_time":"2025-04-02T14:39:57+00:00","og_image":[{"url":"https:\/\/cmperuviajesyaventuras.com\/wp-content\/uploads\/2025\/03\/lineas-de-nazca-1-150x150.jpg","type":"","width":"","height":""}],"twitter_card":"summary_large_image","twitter_misc":{"Est. reading time":"1 minute"},"schema":{"@context":"https:\/\/schema.org","@graph":[{"@type":"WebPage","@id":"https:\/\/cmperuviajesyaventuras.com\/ica\/","url":"https:\/\/cmperuviajesyaventuras.com\/ica\/","name":"ICA - CM VIAJES Y AVENTURAS","isPartOf":{"@id":"https:\/\/www.cmperuviajesyaventuras.com\/en\/#website"},"primaryImageOfPage":{"@id":"https:\/\/cmperuviajesyaventuras.com\/ica\/#primaryimage"},"image":{"@id":"https:\/\/cmperuviajesyaventuras.com\/ica\/#primaryimage"},"thumbnailUrl":"https:\/\/cmperuviajesyaventuras.com\/wp-content\/uploads\/2025\/03\/lineas-de-nazca-1-150x150.jpg","datePublished":"2025-03-16T17:19:53+00:00","dateModified":"2025-04-02T14:39:57+00:00","breadcrumb":{"@id":"https:\/\/cmperuviajesyaventuras.com\/ica\/#breadcrumb"},"inLanguage":"en-US","potentialAction":[{"@type":"ReadAction","target":["https:\/\/cmperuviajesyaventuras.com\/ica\/"]}]},{"@type":"ImageObject","inLanguage":"en-US","@id":"https:\/\/cmperuviajesyaventuras.com\/ica\/#primaryimage","url":"https:\/\/cmperuviajesyaventuras.com\/wp-content\/uploads\/2025\/03\/lineas-de-nazca-1-150x150.jpg","contentUrl":"https:\/\/cmperuviajesyaventuras.com\/wp-content\/uploads\/2025\/03\/lineas-de-nazca-1-150x150.jpg"},{"@type":"BreadcrumbList","@id":"https:\/\/cmperuviajesyaventuras.com\/ica\/#breadcrumb","itemListElement":[{"@type":"ListItem","position":1,"name":"Portada","item":"https:\/\/cmperuviajesyaventuras.com\/"},{"@type":"ListItem","position":2,"name":"ICA"}]},{"@type":"WebSite","@id":"https:\/\/www.cmperuviajesyaventuras.com\/en\/#website","url":"https:\/\/www.cmperuviajesyaventuras.com\/en\/","name":"CM VIAJES Y AVENTURAS","description":"Agencia de Viajes y Turismo","publisher":{"@id":"https:\/\/www.cmperuviajesyaventuras.com\/en\/#organization"},"potentialAction":[{"@type":"SearchAction","target":{"@type":"EntryPoint","urlTemplate":"https:\/\/www.cmperuviajesyaventuras.com\/en\/?s={search_term_string}"},"query-input":{"@type":"PropertyValueSpecification","valueRequired":true,"valueName":"search_term_string"}}],"inLanguage":"en-US"},{"@type":"Organization","@id":"https:\/\/www.cmperuviajesyaventuras.com\/en\/#organization","name":"CM VIAJES Y AVENTURAS","url":"https:\/\/www.cmperuviajesyaventuras.com\/en\/","logo":{"@type":"ImageObject","inLanguage":"en-US","@id":"https:\/\/www.cmperuviajesyaventuras.com\/en\/#\/schema\/logo\/image\/","url":"https:\/\/cmperuviajesyaventuras.com\/wp-content\/uploads\/2025\/02\/cropped-favicon-1.png","contentUrl":"https:\/\/cmperuviajesyaventuras.com\/wp-content\/uploads\/2025\/02\/cropped-favicon-1.png","width":512,"height":512,"caption":"CM VIAJES Y AVENTURAS"},"image":{"@id":"https:\/\/www.cmperuviajesyaventuras.com\/en\/#\/schema\/logo\/image\/"}}]}},"_links":{"self":[{"href":"https:\/\/cmperuviajesyaventuras.com\/en\/wp-json\/wp\/v2\/pages\/5264","targetHints":{"allow":["GET"]}}],"collection":[{"href":"https:\/\/cmperuviajesyaventuras.com\/en\/wp-json\/wp\/v2\/pages"}],"about":[{"href":"https:\/\/cmperuviajesyaventuras.com\/en\/wp-json\/wp\/v2\/types\/page"}],"author":[{"embeddable":true,"href":"https:\/\/cmperuviajesyaventuras.com\/en\/wp-json\/wp\/v2\/users\/1"}],"replies":[{"embeddable":true,"href":"https:\/\/cmperuviajesyaventuras.com\/en\/wp-json\/wp\/v2\/comments?post=5264"}],"version-history":[{"count":45,"href":"https:\/\/cmperuviajesyaventuras.com\/en\/wp-json\/wp\/v2\/pages\/5264\/revisions"}],"predecessor-version":[{"id":8771,"href":"https:\/\/cmperuviajesyaventuras.com\/en\/wp-json\/wp\/v2\/pages\/5264\/revisions\/8771"}],"wp:attachment":[{"href":"https:\/\/cmperuviajesyaventuras.com\/en\/wp-json\/wp\/v2\/media?parent=5264"}],"curies":[{"name":"wp","href":"https:\/\/api.w.org\/{rel}","templated":true}]}}