{"id":5291,"date":"2025-03-16T12:57:10","date_gmt":"2025-03-16T17:57:10","guid":{"rendered":"https:\/\/sitioweb.minkaytec.com\/?page_id=5291"},"modified":"2025-04-02T09:40:39","modified_gmt":"2025-04-02T14:40:39","slug":"tarapoto","status":"publish","type":"page","link":"https:\/\/cmperuviajesyaventuras.com\/en\/tarapoto\/","title":{"rendered":"TARAPOTO"},"content":{"rendered":"<div data-elementor-type=\"wp-page\" data-elementor-id=\"5291\" class=\"elementor elementor-5291\" data-elementor-post-type=\"page\">\n\t\t\t\t\t\t<section class=\"elementor-section elementor-top-section elementor-element elementor-element-80f3e6f elementor-section-boxed elementor-section-height-default elementor-section-height-default elementor-invisible\" data-id=\"80f3e6f\" data-element_type=\"section\" data-e-type=\"section\" data-settings=\"{&quot;animation&quot;:&quot;zoomIn&quot;}\">\n\t\t\t\t\t\t<div class=\"elementor-container elementor-column-gap-default\">\n\t\t\t\t\t<div class=\"elementor-column elementor-col-100 elementor-top-column elementor-element elementor-element-53a3597\" data-id=\"53a3597\" data-element_type=\"column\" data-e-type=\"column\">\n\t\t\t<div class=\"elementor-widget-wrap elementor-element-populated\">\n\t\t\t\t\t\t<div class=\"elementor-element elementor-element-f0fe504 elementor-widget elementor-widget-heading\" data-id=\"f0fe504\" data-element_type=\"widget\" data-e-type=\"widget\" data-widget_type=\"heading.default\">\n\t\t\t\t<div class=\"elementor-widget-container\">\n\t\t\t\t\t<h2 class=\"elementor-heading-title elementor-size-default\">Tarapoto - The city of palm trees <\/h2>\t\t\t\t<\/div>\n\t\t\t\t<\/div>\n\t\t\t\t\t<\/div>\n\t\t<\/div>\n\t\t\t\t\t<\/div>\n\t\t<\/section>\n\t\t\t\t<section class=\"elementor-section elementor-top-section elementor-element elementor-element-cbdc80f elementor-section-boxed elementor-section-height-default elementor-section-height-default elementor-invisible\" data-id=\"cbdc80f\" data-element_type=\"section\" data-e-type=\"section\" data-settings=\"{&quot;animation&quot;:&quot;zoomIn&quot;}\">\n\t\t\t\t\t\t<div class=\"elementor-container elementor-column-gap-default\">\n\t\t\t\t\t<div class=\"elementor-column elementor-col-100 elementor-top-column elementor-element elementor-element-8fafca0\" data-id=\"8fafca0\" data-element_type=\"column\" data-e-type=\"column\">\n\t\t\t<div class=\"elementor-widget-wrap elementor-element-populated\">\n\t\t\t\t\t\t<div class=\"elementor-element elementor-element-f6ab2f6 elementor-widget elementor-widget-image\" data-id=\"f6ab2f6\" data-element_type=\"widget\" data-e-type=\"widget\" data-widget_type=\"image.default\">\n\t\t\t\t<div class=\"elementor-widget-container\">\n\t\t\t\t\t\t\t\t\t\t\t\t\t\t\t<img decoding=\"async\" src=\"https:\/\/cmperuviajesyaventuras.com\/wp-content\/uploads\/elementor\/thumbs\/tarapoto-1-r1xau3h2ucppe68y5qjyg2yu2hxwkn65k3tcjyeo1s.jpeg\" title=\"tarapoto-1\" alt=\"tarapoto-1\" loading=\"lazy\" \/>\t\t\t\t\t\t\t\t\t\t\t\t\t\t\t<\/div>\n\t\t\t\t<\/div>\n\t\t\t\t\t<\/div>\n\t\t<\/div>\n\t\t\t\t\t<\/div>\n\t\t<\/section>\n\t\t\t\t<section class=\"elementor-section elementor-top-section elementor-element elementor-element-610c264 elementor-section-boxed elementor-section-height-default elementor-section-height-default elementor-invisible\" data-id=\"610c264\" data-element_type=\"section\" data-e-type=\"section\" data-settings=\"{&quot;animation&quot;:&quot;zoomIn&quot;}\">\n\t\t\t\t\t\t<div class=\"elementor-container elementor-column-gap-default\">\n\t\t\t\t\t<div class=\"elementor-column elementor-col-100 elementor-top-column elementor-element elementor-element-afc3335\" data-id=\"afc3335\" data-element_type=\"column\" data-e-type=\"column\">\n\t\t\t<div class=\"elementor-widget-wrap elementor-element-populated\">\n\t\t\t\t\t\t<div class=\"elementor-element elementor-element-13ef45b elementor-widget elementor-widget-text-editor\" data-id=\"13ef45b\" data-element_type=\"widget\" data-e-type=\"widget\" data-widget_type=\"text-editor.default\">\n\t\t\t\t<div class=\"elementor-widget-container\">\n\t\t\t\t\t\t\t\t\t<p class=\"translation-block\">Location: Northern jungle of Peru.<\/p>\t\t\t\t\t\t\t\t<\/div>\n\t\t\t\t<\/div>\n\t\t\t\t\t<\/div>\n\t\t<\/div>\n\t\t\t\t\t<\/div>\n\t\t<\/section>\n\t\t\t\t<section class=\"elementor-section elementor-top-section elementor-element elementor-element-2b70218 elementor-section-boxed elementor-section-height-default elementor-section-height-default elementor-invisible\" data-id=\"2b70218\" data-element_type=\"section\" data-e-type=\"section\" data-settings=\"{&quot;animation&quot;:&quot;zoomIn&quot;}\">\n\t\t\t\t\t\t<div class=\"elementor-container elementor-column-gap-default\">\n\t\t\t\t\t<div class=\"elementor-column elementor-col-100 elementor-top-column elementor-element elementor-element-ceb9668\" data-id=\"ceb9668\" data-element_type=\"column\" data-e-type=\"column\">\n\t\t\t<div class=\"elementor-widget-wrap elementor-element-populated\">\n\t\t\t\t\t\t<div class=\"elementor-element elementor-element-fd0cb63 elementor-widget elementor-widget-text-editor\" data-id=\"fd0cb63\" data-element_type=\"widget\" data-e-type=\"widget\" data-widget_type=\"text-editor.default\">\n\t\t\t\t<div class=\"elementor-widget-container\">\n\t\t\t\t\t\t\t\t\t<p>Tarapoto is an ideal destination for those seeking adventure, nature, and Amazonian culture. Its lush vegetation, waterfalls, and rivers make it a paradise for ecotourism lovers.<\/p>\t\t\t\t\t\t\t\t<\/div>\n\t\t\t\t<\/div>\n\t\t\t\t\t<\/div>\n\t\t<\/div>\n\t\t\t\t\t<\/div>\n\t\t<\/section>\n\t\t\t\t<section class=\"elementor-section elementor-top-section elementor-element elementor-element-51b655b elementor-section-boxed elementor-section-height-default elementor-section-height-default elementor-invisible\" data-id=\"51b655b\" data-element_type=\"section\" data-e-type=\"section\" data-settings=\"{&quot;animation&quot;:&quot;zoomIn&quot;}\">\n\t\t\t\t\t\t<div class=\"elementor-container elementor-column-gap-default\">\n\t\t\t\t\t<div class=\"elementor-column elementor-col-50 elementor-top-column elementor-element elementor-element-03f1396\" data-id=\"03f1396\" data-element_type=\"column\" data-e-type=\"column\">\n\t\t\t<div class=\"elementor-widget-wrap elementor-element-populated\">\n\t\t\t\t\t\t<div class=\"elementor-element elementor-element-40301a8 elementor-widget elementor-widget-text-editor\" data-id=\"40301a8\" data-element_type=\"widget\" data-e-type=\"widget\" data-widget_type=\"text-editor.default\">\n\t\t\t\t<div class=\"elementor-widget-container\">\n\t\t\t\t\t\t\t\t\t<p><strong>Tourist Attractions:<\/strong><\/p><ul><li class=\"translation-block\">Ahuashiyacu Waterfall: Impressive waterfall surrounded by vegetation.<\/li><li class=\"translation-block\">Blue Lagoon: A beautiful body of water perfect for boating and relaxation.<\/li><li class=\"translation-block\">Lamas Castle: A medieval construction in the heart of the Amazon rainforest.<\/li><li class=\"translation-block\">Mayo River: Ideal for kayaking and water sports.<\/li><li class=\"translation-block\">Tingana Reserve: A wetland ecosystem with exotic flora and fauna.<\/li><\/ul>\t\t\t\t\t\t\t\t<\/div>\n\t\t\t\t<\/div>\n\t\t\t\t\t<\/div>\n\t\t<\/div>\n\t\t\t\t<div class=\"elementor-column elementor-col-50 elementor-top-column elementor-element elementor-element-dd29913\" data-id=\"dd29913\" data-element_type=\"column\" data-e-type=\"column\">\n\t\t\t<div class=\"elementor-widget-wrap elementor-element-populated\">\n\t\t\t\t\t\t<div class=\"elementor-element elementor-element-8b19f42 elementor-widget elementor-widget-image\" data-id=\"8b19f42\" data-element_type=\"widget\" data-e-type=\"widget\" data-widget_type=\"image.default\">\n\t\t\t\t<div class=\"elementor-widget-container\">\n\t\t\t\t\t\t\t\t\t\t\t\t\t\t\t<img decoding=\"async\" src=\"https:\/\/cmperuviajesyaventuras.com\/wp-content\/uploads\/elementor\/thumbs\/tarapoto-2-r33r8pr8jykpwzdoukq7f7ptni478kov2jmmh63igg.jpeg\" title=\"tarapoto-2\" alt=\"tarapoto-2\" loading=\"lazy\" \/>\t\t\t\t\t\t\t\t\t\t\t\t\t\t\t<\/div>\n\t\t\t\t<\/div>\n\t\t\t\t\t<\/div>\n\t\t<\/div>\n\t\t\t\t\t<\/div>\n\t\t<\/section>\n\t\t\t\t<\/div>","protected":false},"excerpt":{"rendered":"<p>Tarapoto &#8211; La ciudad de las palmeras Ubicaci\u00f3n: Selva norte del Per\u00fa. Tarapoto es un destino ideal para quienes buscan aventura, naturaleza y cultura amaz\u00f3nica. Sus paisajes de exuberante vegetaci\u00f3n, cascadas y r\u00edos la convierten en un para\u00edso para los amantes del ecoturismo. Atractivos Tur\u00edsticos: Catarata de Ahuashiyacu: Impresionante ca\u00edda de agua rodeada de vegetaci\u00f3n. [&hellip;]<\/p>","protected":false},"author":1,"featured_media":0,"parent":0,"menu_order":0,"comment_status":"closed","ping_status":"closed","template":"","meta":{"_bbp_topic_count":0,"_bbp_reply_count":0,"_bbp_total_topic_count":0,"_bbp_total_reply_count":0,"_bbp_voice_count":0,"_bbp_anonymous_reply_count":0,"_bbp_topic_count_hidden":0,"_bbp_reply_count_hidden":0,"_bbp_forum_subforum_count":0,"footnotes":""},"class_list":["post-5291","page","type-page","status-publish","hentry"],"aioseo_notices":[],"yoast_head":"<!-- This site is optimized with the Yoast SEO plugin v27.4 - https:\/\/yoast.com\/product\/yoast-seo-wordpress\/ -->\n<title>TARAPOTO - CM VIAJES Y AVENTURAS<\/title>\n<meta name=\"robots\" content=\"index, follow, max-snippet:-1, max-image-preview:large, max-video-preview:-1\" \/>\n<link rel=\"canonical\" href=\"https:\/\/cmperuviajesyaventuras.com\/en\/tarapoto\/\" class=\"yoast-seo-meta-tag\" \/>\n<meta property=\"og:locale\" content=\"en_US\" class=\"yoast-seo-meta-tag\" \/>\n<meta property=\"og:type\" content=\"article\" class=\"yoast-seo-meta-tag\" \/>\n<meta property=\"og:title\" content=\"TARAPOTO - CM VIAJES Y AVENTURAS\" class=\"yoast-seo-meta-tag\" \/>\n<meta property=\"og:description\" content=\"Tarapoto &#8211; La ciudad de las palmeras Ubicaci\u00f3n: Selva norte del Per\u00fa. Tarapoto es un destino ideal para quienes buscan aventura, naturaleza y cultura amaz\u00f3nica. Sus paisajes de exuberante vegetaci\u00f3n, cascadas y r\u00edos la convierten en un para\u00edso para los amantes del ecoturismo. Atractivos Tur\u00edsticos: Catarata de Ahuashiyacu: Impresionante ca\u00edda de agua rodeada de vegetaci\u00f3n. [&hellip;]\" class=\"yoast-seo-meta-tag\" \/>\n<meta property=\"og:url\" content=\"https:\/\/cmperuviajesyaventuras.com\/en\/tarapoto\/\" class=\"yoast-seo-meta-tag\" \/>\n<meta property=\"og:site_name\" content=\"CM VIAJES Y AVENTURAS\" class=\"yoast-seo-meta-tag\" \/>\n<meta property=\"article:modified_time\" content=\"2025-04-02T14:40:39+00:00\" class=\"yoast-seo-meta-tag\" \/>\n<meta property=\"og:image\" content=\"https:\/\/cmperuviajesyaventuras.com\/wp-content\/uploads\/elementor\/thumbs\/tarapoto-1-r1xau3h2ucppe68y5qjyg2yu2hxwkn65k3tcenvygw.jpeg\" class=\"yoast-seo-meta-tag\" \/>\n<meta name=\"twitter:card\" content=\"summary_large_image\" class=\"yoast-seo-meta-tag\" \/>\n<meta name=\"twitter:label1\" content=\"Est. reading time\" class=\"yoast-seo-meta-tag\" \/>\n\t<meta name=\"twitter:data1\" content=\"1 minute\" class=\"yoast-seo-meta-tag\" \/>\n<script type=\"application\/ld+json\" class=\"yoast-schema-graph\">{\"@context\":\"https:\\\/\\\/schema.org\",\"@graph\":[{\"@type\":\"WebPage\",\"@id\":\"https:\\\/\\\/cmperuviajesyaventuras.com\\\/tarapoto\\\/\",\"url\":\"https:\\\/\\\/cmperuviajesyaventuras.com\\\/tarapoto\\\/\",\"name\":\"TARAPOTO - CM VIAJES Y AVENTURAS\",\"isPartOf\":{\"@id\":\"https:\\\/\\\/www.cmperuviajesyaventuras.com\\\/en\\\/#website\"},\"primaryImageOfPage\":{\"@id\":\"https:\\\/\\\/cmperuviajesyaventuras.com\\\/tarapoto\\\/#primaryimage\"},\"image\":{\"@id\":\"https:\\\/\\\/cmperuviajesyaventuras.com\\\/tarapoto\\\/#primaryimage\"},\"thumbnailUrl\":\"https:\\\/\\\/cmperuviajesyaventuras.com\\\/wp-content\\\/uploads\\\/elementor\\\/thumbs\\\/tarapoto-1-r1xau3h2ucppe68y5qjyg2yu2hxwkn65k3tcenvygw.jpeg\",\"datePublished\":\"2025-03-16T17:57:10+00:00\",\"dateModified\":\"2025-04-02T14:40:39+00:00\",\"breadcrumb\":{\"@id\":\"https:\\\/\\\/cmperuviajesyaventuras.com\\\/tarapoto\\\/#breadcrumb\"},\"inLanguage\":\"en-US\",\"potentialAction\":[{\"@type\":\"ReadAction\",\"target\":[\"https:\\\/\\\/cmperuviajesyaventuras.com\\\/tarapoto\\\/\"]}]},{\"@type\":\"ImageObject\",\"inLanguage\":\"en-US\",\"@id\":\"https:\\\/\\\/cmperuviajesyaventuras.com\\\/tarapoto\\\/#primaryimage\",\"url\":\"https:\\\/\\\/cmperuviajesyaventuras.com\\\/wp-content\\\/uploads\\\/elementor\\\/thumbs\\\/tarapoto-1-r1xau3h2ucppe68y5qjyg2yu2hxwkn65k3tcenvygw.jpeg\",\"contentUrl\":\"https:\\\/\\\/cmperuviajesyaventuras.com\\\/wp-content\\\/uploads\\\/elementor\\\/thumbs\\\/tarapoto-1-r1xau3h2ucppe68y5qjyg2yu2hxwkn65k3tcenvygw.jpeg\"},{\"@type\":\"BreadcrumbList\",\"@id\":\"https:\\\/\\\/cmperuviajesyaventuras.com\\\/tarapoto\\\/#breadcrumb\",\"itemListElement\":[{\"@type\":\"ListItem\",\"position\":1,\"name\":\"Portada\",\"item\":\"https:\\\/\\\/cmperuviajesyaventuras.com\\\/\"},{\"@type\":\"ListItem\",\"position\":2,\"name\":\"TARAPOTO\"}]},{\"@type\":\"WebSite\",\"@id\":\"https:\\\/\\\/www.cmperuviajesyaventuras.com\\\/en\\\/#website\",\"url\":\"https:\\\/\\\/www.cmperuviajesyaventuras.com\\\/en\\\/\",\"name\":\"CM VIAJES Y AVENTURAS\",\"description\":\"Agencia de Viajes y Turismo\",\"publisher\":{\"@id\":\"https:\\\/\\\/www.cmperuviajesyaventuras.com\\\/en\\\/#organization\"},\"potentialAction\":[{\"@type\":\"SearchAction\",\"target\":{\"@type\":\"EntryPoint\",\"urlTemplate\":\"https:\\\/\\\/www.cmperuviajesyaventuras.com\\\/en\\\/?s={search_term_string}\"},\"query-input\":{\"@type\":\"PropertyValueSpecification\",\"valueRequired\":true,\"valueName\":\"search_term_string\"}}],\"inLanguage\":\"en-US\"},{\"@type\":\"Organization\",\"@id\":\"https:\\\/\\\/www.cmperuviajesyaventuras.com\\\/en\\\/#organization\",\"name\":\"CM VIAJES Y AVENTURAS\",\"url\":\"https:\\\/\\\/www.cmperuviajesyaventuras.com\\\/en\\\/\",\"logo\":{\"@type\":\"ImageObject\",\"inLanguage\":\"en-US\",\"@id\":\"https:\\\/\\\/www.cmperuviajesyaventuras.com\\\/en\\\/#\\\/schema\\\/logo\\\/image\\\/\",\"url\":\"https:\\\/\\\/cmperuviajesyaventuras.com\\\/wp-content\\\/uploads\\\/2025\\\/02\\\/cropped-favicon-1.png\",\"contentUrl\":\"https:\\\/\\\/cmperuviajesyaventuras.com\\\/wp-content\\\/uploads\\\/2025\\\/02\\\/cropped-favicon-1.png\",\"width\":512,\"height\":512,\"caption\":\"CM VIAJES Y AVENTURAS\"},\"image\":{\"@id\":\"https:\\\/\\\/www.cmperuviajesyaventuras.com\\\/en\\\/#\\\/schema\\\/logo\\\/image\\\/\"}}]}<\/script>\n<!-- \/ Yoast SEO plugin. -->","yoast_head_json":{"title":"TARAPOTO - CM VIAJES Y AVENTURAS","robots":{"index":"index","follow":"follow","max-snippet":"max-snippet:-1","max-image-preview":"max-image-preview:large","max-video-preview":"max-video-preview:-1"},"canonical":"https:\/\/cmperuviajesyaventuras.com\/en\/tarapoto\/","og_locale":"en_US","og_type":"article","og_title":"TARAPOTO - CM VIAJES Y AVENTURAS","og_description":"Tarapoto &#8211; La ciudad de las palmeras Ubicaci\u00f3n: Selva norte del Per\u00fa. Tarapoto es un destino ideal para quienes buscan aventura, naturaleza y cultura amaz\u00f3nica. Sus paisajes de exuberante vegetaci\u00f3n, cascadas y r\u00edos la convierten en un para\u00edso para los amantes del ecoturismo. Atractivos Tur\u00edsticos: Catarata de Ahuashiyacu: Impresionante ca\u00edda de agua rodeada de vegetaci\u00f3n. [&hellip;]","og_url":"https:\/\/cmperuviajesyaventuras.com\/en\/tarapoto\/","og_site_name":"CM VIAJES Y AVENTURAS","article_modified_time":"2025-04-02T14:40:39+00:00","og_image":[{"url":"https:\/\/cmperuviajesyaventuras.com\/wp-content\/uploads\/elementor\/thumbs\/tarapoto-1-r1xau3h2ucppe68y5qjyg2yu2hxwkn65k3tcenvygw.jpeg","type":"","width":"","height":""}],"twitter_card":"summary_large_image","twitter_misc":{"Est. reading time":"1 minute"},"schema":{"@context":"https:\/\/schema.org","@graph":[{"@type":"WebPage","@id":"https:\/\/cmperuviajesyaventuras.com\/tarapoto\/","url":"https:\/\/cmperuviajesyaventuras.com\/tarapoto\/","name":"TARAPOTO - CM VIAJES Y AVENTURAS","isPartOf":{"@id":"https:\/\/www.cmperuviajesyaventuras.com\/en\/#website"},"primaryImageOfPage":{"@id":"https:\/\/cmperuviajesyaventuras.com\/tarapoto\/#primaryimage"},"image":{"@id":"https:\/\/cmperuviajesyaventuras.com\/tarapoto\/#primaryimage"},"thumbnailUrl":"https:\/\/cmperuviajesyaventuras.com\/wp-content\/uploads\/elementor\/thumbs\/tarapoto-1-r1xau3h2ucppe68y5qjyg2yu2hxwkn65k3tcenvygw.jpeg","datePublished":"2025-03-16T17:57:10+00:00","dateModified":"2025-04-02T14:40:39+00:00","breadcrumb":{"@id":"https:\/\/cmperuviajesyaventuras.com\/tarapoto\/#breadcrumb"},"inLanguage":"en-US","potentialAction":[{"@type":"ReadAction","target":["https:\/\/cmperuviajesyaventuras.com\/tarapoto\/"]}]},{"@type":"ImageObject","inLanguage":"en-US","@id":"https:\/\/cmperuviajesyaventuras.com\/tarapoto\/#primaryimage","url":"https:\/\/cmperuviajesyaventuras.com\/wp-content\/uploads\/elementor\/thumbs\/tarapoto-1-r1xau3h2ucppe68y5qjyg2yu2hxwkn65k3tcenvygw.jpeg","contentUrl":"https:\/\/cmperuviajesyaventuras.com\/wp-content\/uploads\/elementor\/thumbs\/tarapoto-1-r1xau3h2ucppe68y5qjyg2yu2hxwkn65k3tcenvygw.jpeg"},{"@type":"BreadcrumbList","@id":"https:\/\/cmperuviajesyaventuras.com\/tarapoto\/#breadcrumb","itemListElement":[{"@type":"ListItem","position":1,"name":"Portada","item":"https:\/\/cmperuviajesyaventuras.com\/"},{"@type":"ListItem","position":2,"name":"TARAPOTO"}]},{"@type":"WebSite","@id":"https:\/\/www.cmperuviajesyaventuras.com\/en\/#website","url":"https:\/\/www.cmperuviajesyaventuras.com\/en\/","name":"CM VIAJES Y AVENTURAS","description":"Agencia de Viajes y Turismo","publisher":{"@id":"https:\/\/www.cmperuviajesyaventuras.com\/en\/#organization"},"potentialAction":[{"@type":"SearchAction","target":{"@type":"EntryPoint","urlTemplate":"https:\/\/www.cmperuviajesyaventuras.com\/en\/?s={search_term_string}"},"query-input":{"@type":"PropertyValueSpecification","valueRequired":true,"valueName":"search_term_string"}}],"inLanguage":"en-US"},{"@type":"Organization","@id":"https:\/\/www.cmperuviajesyaventuras.com\/en\/#organization","name":"CM VIAJES Y AVENTURAS","url":"https:\/\/www.cmperuviajesyaventuras.com\/en\/","logo":{"@type":"ImageObject","inLanguage":"en-US","@id":"https:\/\/www.cmperuviajesyaventuras.com\/en\/#\/schema\/logo\/image\/","url":"https:\/\/cmperuviajesyaventuras.com\/wp-content\/uploads\/2025\/02\/cropped-favicon-1.png","contentUrl":"https:\/\/cmperuviajesyaventuras.com\/wp-content\/uploads\/2025\/02\/cropped-favicon-1.png","width":512,"height":512,"caption":"CM VIAJES Y AVENTURAS"},"image":{"@id":"https:\/\/www.cmperuviajesyaventuras.com\/en\/#\/schema\/logo\/image\/"}}]}},"_links":{"self":[{"href":"https:\/\/cmperuviajesyaventuras.com\/en\/wp-json\/wp\/v2\/pages\/5291","targetHints":{"allow":["GET"]}}],"collection":[{"href":"https:\/\/cmperuviajesyaventuras.com\/en\/wp-json\/wp\/v2\/pages"}],"about":[{"href":"https:\/\/cmperuviajesyaventuras.com\/en\/wp-json\/wp\/v2\/types\/page"}],"author":[{"embeddable":true,"href":"https:\/\/cmperuviajesyaventuras.com\/en\/wp-json\/wp\/v2\/users\/1"}],"replies":[{"embeddable":true,"href":"https:\/\/cmperuviajesyaventuras.com\/en\/wp-json\/wp\/v2\/comments?post=5291"}],"version-history":[{"count":48,"href":"https:\/\/cmperuviajesyaventuras.com\/en\/wp-json\/wp\/v2\/pages\/5291\/revisions"}],"predecessor-version":[{"id":8777,"href":"https:\/\/cmperuviajesyaventuras.com\/en\/wp-json\/wp\/v2\/pages\/5291\/revisions\/8777"}],"wp:attachment":[{"href":"https:\/\/cmperuviajesyaventuras.com\/en\/wp-json\/wp\/v2\/media?parent=5291"}],"curies":[{"name":"wp","href":"https:\/\/api.w.org\/{rel}","templated":true}]}}