{"id":5389,"date":"2025-03-16T15:05:21","date_gmt":"2025-03-16T20:05:21","guid":{"rendered":"https:\/\/sitioweb.minkaytec.com\/?page_id=5389"},"modified":"2025-04-02T09:44:21","modified_gmt":"2025-04-02T14:44:21","slug":"ecuador","status":"publish","type":"page","link":"https:\/\/cmperuviajesyaventuras.com\/en\/ecuador\/","title":{"rendered":"ECUADOR"},"content":{"rendered":"<div data-elementor-type=\"wp-page\" data-elementor-id=\"5389\" class=\"elementor elementor-5389\" data-elementor-post-type=\"page\">\n\t\t\t\t\t\t<section class=\"elementor-section elementor-top-section elementor-element elementor-element-1b6c793 elementor-section-boxed elementor-section-height-default elementor-section-height-default elementor-invisible\" data-id=\"1b6c793\" data-element_type=\"section\" data-e-type=\"section\" data-settings=\"{&quot;animation&quot;:&quot;fadeInDown&quot;}\">\n\t\t\t\t\t\t<div class=\"elementor-container elementor-column-gap-default\">\n\t\t\t\t\t<div class=\"elementor-column elementor-col-100 elementor-top-column elementor-element elementor-element-c58cb05\" data-id=\"c58cb05\" data-element_type=\"column\" data-e-type=\"column\">\n\t\t\t<div class=\"elementor-widget-wrap elementor-element-populated\">\n\t\t\t\t\t\t<div class=\"elementor-element elementor-element-ac11b8e elementor-widget elementor-widget-heading\" data-id=\"ac11b8e\" data-element_type=\"widget\" data-e-type=\"widget\" data-widget_type=\"heading.default\">\n\t\t\t\t<div class=\"elementor-widget-container\">\n\t\t\t\t\t<h2 class=\"elementor-heading-title elementor-size-default\">Ecuador - Nature and Living Culture<\/h2>\t\t\t\t<\/div>\n\t\t\t\t<\/div>\n\t\t\t\t\t<\/div>\n\t\t<\/div>\n\t\t\t\t\t<\/div>\n\t\t<\/section>\n\t\t\t\t<section class=\"elementor-section elementor-top-section elementor-element elementor-element-b07a65f elementor-section-boxed elementor-section-height-default elementor-section-height-default elementor-invisible\" data-id=\"b07a65f\" data-element_type=\"section\" data-e-type=\"section\" data-settings=\"{&quot;animation&quot;:&quot;fadeInDown&quot;}\">\n\t\t\t\t\t\t<div class=\"elementor-container elementor-column-gap-default\">\n\t\t\t\t\t<div class=\"elementor-column elementor-col-100 elementor-top-column elementor-element elementor-element-15db864\" data-id=\"15db864\" data-element_type=\"column\" data-e-type=\"column\">\n\t\t\t<div class=\"elementor-widget-wrap elementor-element-populated\">\n\t\t\t\t\t\t<div class=\"elementor-element elementor-element-d92896f elementor-widget elementor-widget-image\" data-id=\"d92896f\" data-element_type=\"widget\" data-e-type=\"widget\" data-widget_type=\"image.default\">\n\t\t\t\t<div class=\"elementor-widget-container\">\n\t\t\t\t\t\t\t\t\t\t\t\t\t\t\t<img decoding=\"async\" src=\"https:\/\/cmperuviajesyaventuras.com\/wp-content\/uploads\/elementor\/thumbs\/ecuador-r3130bxji81ttn1aa2gjnjhpfpypwdsfhobkmwhy68.jpg\" title=\"ecuador\" alt=\"ecuador\" loading=\"lazy\" \/>\t\t\t\t\t\t\t\t\t\t\t\t\t\t\t<\/div>\n\t\t\t\t<\/div>\n\t\t\t\t\t<\/div>\n\t\t<\/div>\n\t\t\t\t\t<\/div>\n\t\t<\/section>\n\t\t\t\t<section class=\"elementor-section elementor-top-section elementor-element elementor-element-6254f65 elementor-section-boxed elementor-section-height-default elementor-section-height-default elementor-invisible\" data-id=\"6254f65\" data-element_type=\"section\" data-e-type=\"section\" data-settings=\"{&quot;animation&quot;:&quot;fadeInDown&quot;}\">\n\t\t\t\t\t\t<div class=\"elementor-container elementor-column-gap-default\">\n\t\t\t\t\t<div class=\"elementor-column elementor-col-50 elementor-top-column elementor-element elementor-element-b1748c9\" data-id=\"b1748c9\" data-element_type=\"column\" data-e-type=\"column\">\n\t\t\t<div class=\"elementor-widget-wrap elementor-element-populated\">\n\t\t\t\t\t\t<div class=\"elementor-element elementor-element-e76a346 elementor-widget elementor-widget-text-editor\" data-id=\"e76a346\" data-element_type=\"widget\" data-e-type=\"widget\" data-widget_type=\"text-editor.default\">\n\t\t\t\t<div class=\"elementor-widget-container\">\n\t\t\t\t\t\t\t\t\t<p><strong>Tourist Attractions:<\/strong><\/p><ul><li class=\"translation-block\">Galapagos Islands: A paradise of biodiversity unique in the world.<\/li><li class=\"translation-block\">Quito and its historic center: World Heritage Site with impressive colonial architecture.<\/li><li class=\"translation-block\">Middle of the World: Point where the equatorial line crosses.<\/li><li class=\"translation-block\">Ba\u00f1os de Agua Santa: Adventure destination with waterfalls, hot springs, and extreme sports.<\/li><li class=\"translation-block\">Cuenca: Colonial city with cobblestone streets and a great artisan tradition.<\/li><\/ul>\t\t\t\t\t\t\t\t<\/div>\n\t\t\t\t<\/div>\n\t\t\t\t\t<\/div>\n\t\t<\/div>\n\t\t\t\t<div class=\"elementor-column elementor-col-50 elementor-top-column elementor-element elementor-element-a89801f\" data-id=\"a89801f\" data-element_type=\"column\" data-e-type=\"column\">\n\t\t\t<div class=\"elementor-widget-wrap elementor-element-populated\">\n\t\t\t\t\t\t<div class=\"elementor-element elementor-element-31d376f elementor-widget elementor-widget-image\" data-id=\"31d376f\" data-element_type=\"widget\" data-e-type=\"widget\" data-widget_type=\"image.default\">\n\t\t\t\t<div class=\"elementor-widget-container\">\n\t\t\t\t\t\t\t\t\t\t\t\t\t\t\t<img decoding=\"async\" src=\"https:\/\/cmperuviajesyaventuras.com\/wp-content\/uploads\/elementor\/thumbs\/ecuador-cuenca-r3134pufee3lal7wsz0r6bz6b805e0qnd5b2xo9qgg.jpeg\" title=\"ecuador-cuenca\" alt=\"ecuador-cuenca\" loading=\"lazy\" \/>\t\t\t\t\t\t\t\t\t\t\t\t\t\t\t<\/div>\n\t\t\t\t<\/div>\n\t\t\t\t\t<\/div>\n\t\t<\/div>\n\t\t\t\t\t<\/div>\n\t\t<\/section>\n\t\t\t\t<\/div>","protected":false},"excerpt":{"rendered":"<p>Ecuador &#8211; Naturaleza y cultura viva Atractivos Tur\u00edsticos: Islas Gal\u00e1pagos: Un para\u00edso de biodiversidad \u00fanico en el mundo. Quito y su centro hist\u00f3rico: Patrimonio de la Humanidad con arquitectura colonial impresionante. Mitad del Mundo: Punto donde se cruza la l\u00ednea ecuatorial. Ba\u00f1os de Agua Santa: Destino de aventura con cascadas, aguas termales y deportes extremos. [&hellip;]<\/p>","protected":false},"author":1,"featured_media":0,"parent":0,"menu_order":0,"comment_status":"closed","ping_status":"closed","template":"","meta":{"_bbp_topic_count":0,"_bbp_reply_count":0,"_bbp_total_topic_count":0,"_bbp_total_reply_count":0,"_bbp_voice_count":0,"_bbp_anonymous_reply_count":0,"_bbp_topic_count_hidden":0,"_bbp_reply_count_hidden":0,"_bbp_forum_subforum_count":0,"footnotes":""},"class_list":["post-5389","page","type-page","status-publish","hentry"],"aioseo_notices":[],"yoast_head":"<!-- This site is optimized with the Yoast SEO plugin v27.4 - https:\/\/yoast.com\/product\/yoast-seo-wordpress\/ -->\n<title>ECUADOR - CM VIAJES Y AVENTURAS<\/title>\n<meta name=\"robots\" content=\"index, follow, max-snippet:-1, max-image-preview:large, max-video-preview:-1\" \/>\n<link rel=\"canonical\" href=\"https:\/\/cmperuviajesyaventuras.com\/en\/ecuador\/\" class=\"yoast-seo-meta-tag\" \/>\n<meta property=\"og:locale\" content=\"en_US\" class=\"yoast-seo-meta-tag\" \/>\n<meta property=\"og:type\" content=\"article\" class=\"yoast-seo-meta-tag\" \/>\n<meta property=\"og:title\" content=\"ECUADOR - CM VIAJES Y AVENTURAS\" class=\"yoast-seo-meta-tag\" \/>\n<meta property=\"og:description\" content=\"Ecuador &#8211; Naturaleza y cultura viva Atractivos Tur\u00edsticos: Islas Gal\u00e1pagos: Un para\u00edso de biodiversidad \u00fanico en el mundo. Quito y su centro hist\u00f3rico: Patrimonio de la Humanidad con arquitectura colonial impresionante. Mitad del Mundo: Punto donde se cruza la l\u00ednea ecuatorial. Ba\u00f1os de Agua Santa: Destino de aventura con cascadas, aguas termales y deportes extremos. [&hellip;]\" class=\"yoast-seo-meta-tag\" \/>\n<meta property=\"og:url\" content=\"https:\/\/cmperuviajesyaventuras.com\/en\/ecuador\/\" class=\"yoast-seo-meta-tag\" \/>\n<meta property=\"og:site_name\" content=\"CM VIAJES Y AVENTURAS\" class=\"yoast-seo-meta-tag\" \/>\n<meta property=\"article:modified_time\" content=\"2025-04-02T14:44:21+00:00\" class=\"yoast-seo-meta-tag\" \/>\n<meta property=\"og:image\" content=\"https:\/\/cmperuviajesyaventuras.com\/wp-content\/uploads\/2025\/03\/ecuador-150x150.jpg\" class=\"yoast-seo-meta-tag\" \/>\n<meta name=\"twitter:card\" content=\"summary_large_image\" class=\"yoast-seo-meta-tag\" \/>\n<meta name=\"twitter:label1\" content=\"Est. reading time\" class=\"yoast-seo-meta-tag\" \/>\n\t<meta name=\"twitter:data1\" content=\"1 minute\" class=\"yoast-seo-meta-tag\" \/>\n<script type=\"application\/ld+json\" class=\"yoast-schema-graph\">{\"@context\":\"https:\\\/\\\/schema.org\",\"@graph\":[{\"@type\":\"WebPage\",\"@id\":\"https:\\\/\\\/cmperuviajesyaventuras.com\\\/ecuador\\\/\",\"url\":\"https:\\\/\\\/cmperuviajesyaventuras.com\\\/ecuador\\\/\",\"name\":\"ECUADOR - CM VIAJES Y AVENTURAS\",\"isPartOf\":{\"@id\":\"https:\\\/\\\/www.cmperuviajesyaventuras.com\\\/en\\\/#website\"},\"primaryImageOfPage\":{\"@id\":\"https:\\\/\\\/cmperuviajesyaventuras.com\\\/ecuador\\\/#primaryimage\"},\"image\":{\"@id\":\"https:\\\/\\\/cmperuviajesyaventuras.com\\\/ecuador\\\/#primaryimage\"},\"thumbnailUrl\":\"https:\\\/\\\/cmperuviajesyaventuras.com\\\/wp-content\\\/uploads\\\/2025\\\/03\\\/ecuador-150x150.jpg\",\"datePublished\":\"2025-03-16T20:05:21+00:00\",\"dateModified\":\"2025-04-02T14:44:21+00:00\",\"breadcrumb\":{\"@id\":\"https:\\\/\\\/cmperuviajesyaventuras.com\\\/ecuador\\\/#breadcrumb\"},\"inLanguage\":\"en-US\",\"potentialAction\":[{\"@type\":\"ReadAction\",\"target\":[\"https:\\\/\\\/cmperuviajesyaventuras.com\\\/ecuador\\\/\"]}]},{\"@type\":\"ImageObject\",\"inLanguage\":\"en-US\",\"@id\":\"https:\\\/\\\/cmperuviajesyaventuras.com\\\/ecuador\\\/#primaryimage\",\"url\":\"https:\\\/\\\/cmperuviajesyaventuras.com\\\/wp-content\\\/uploads\\\/2025\\\/03\\\/ecuador-150x150.jpg\",\"contentUrl\":\"https:\\\/\\\/cmperuviajesyaventuras.com\\\/wp-content\\\/uploads\\\/2025\\\/03\\\/ecuador-150x150.jpg\"},{\"@type\":\"BreadcrumbList\",\"@id\":\"https:\\\/\\\/cmperuviajesyaventuras.com\\\/ecuador\\\/#breadcrumb\",\"itemListElement\":[{\"@type\":\"ListItem\",\"position\":1,\"name\":\"Portada\",\"item\":\"https:\\\/\\\/cmperuviajesyaventuras.com\\\/\"},{\"@type\":\"ListItem\",\"position\":2,\"name\":\"ECUADOR\"}]},{\"@type\":\"WebSite\",\"@id\":\"https:\\\/\\\/www.cmperuviajesyaventuras.com\\\/en\\\/#website\",\"url\":\"https:\\\/\\\/www.cmperuviajesyaventuras.com\\\/en\\\/\",\"name\":\"CM VIAJES Y AVENTURAS\",\"description\":\"Agencia de Viajes y Turismo\",\"publisher\":{\"@id\":\"https:\\\/\\\/www.cmperuviajesyaventuras.com\\\/en\\\/#organization\"},\"potentialAction\":[{\"@type\":\"SearchAction\",\"target\":{\"@type\":\"EntryPoint\",\"urlTemplate\":\"https:\\\/\\\/www.cmperuviajesyaventuras.com\\\/en\\\/?s={search_term_string}\"},\"query-input\":{\"@type\":\"PropertyValueSpecification\",\"valueRequired\":true,\"valueName\":\"search_term_string\"}}],\"inLanguage\":\"en-US\"},{\"@type\":\"Organization\",\"@id\":\"https:\\\/\\\/www.cmperuviajesyaventuras.com\\\/en\\\/#organization\",\"name\":\"CM VIAJES Y AVENTURAS\",\"url\":\"https:\\\/\\\/www.cmperuviajesyaventuras.com\\\/en\\\/\",\"logo\":{\"@type\":\"ImageObject\",\"inLanguage\":\"en-US\",\"@id\":\"https:\\\/\\\/www.cmperuviajesyaventuras.com\\\/en\\\/#\\\/schema\\\/logo\\\/image\\\/\",\"url\":\"https:\\\/\\\/cmperuviajesyaventuras.com\\\/wp-content\\\/uploads\\\/2025\\\/02\\\/cropped-favicon-1.png\",\"contentUrl\":\"https:\\\/\\\/cmperuviajesyaventuras.com\\\/wp-content\\\/uploads\\\/2025\\\/02\\\/cropped-favicon-1.png\",\"width\":512,\"height\":512,\"caption\":\"CM VIAJES Y AVENTURAS\"},\"image\":{\"@id\":\"https:\\\/\\\/www.cmperuviajesyaventuras.com\\\/en\\\/#\\\/schema\\\/logo\\\/image\\\/\"}}]}<\/script>\n<!-- \/ Yoast SEO plugin. -->","yoast_head_json":{"title":"ECUADOR - CM VIAJES Y AVENTURAS","robots":{"index":"index","follow":"follow","max-snippet":"max-snippet:-1","max-image-preview":"max-image-preview:large","max-video-preview":"max-video-preview:-1"},"canonical":"https:\/\/cmperuviajesyaventuras.com\/en\/ecuador\/","og_locale":"en_US","og_type":"article","og_title":"ECUADOR - CM VIAJES Y AVENTURAS","og_description":"Ecuador &#8211; Naturaleza y cultura viva Atractivos Tur\u00edsticos: Islas Gal\u00e1pagos: Un para\u00edso de biodiversidad \u00fanico en el mundo. Quito y su centro hist\u00f3rico: Patrimonio de la Humanidad con arquitectura colonial impresionante. Mitad del Mundo: Punto donde se cruza la l\u00ednea ecuatorial. Ba\u00f1os de Agua Santa: Destino de aventura con cascadas, aguas termales y deportes extremos. [&hellip;]","og_url":"https:\/\/cmperuviajesyaventuras.com\/en\/ecuador\/","og_site_name":"CM VIAJES Y AVENTURAS","article_modified_time":"2025-04-02T14:44:21+00:00","og_image":[{"url":"https:\/\/cmperuviajesyaventuras.com\/wp-content\/uploads\/2025\/03\/ecuador-150x150.jpg","type":"","width":"","height":""}],"twitter_card":"summary_large_image","twitter_misc":{"Est. reading time":"1 minute"},"schema":{"@context":"https:\/\/schema.org","@graph":[{"@type":"WebPage","@id":"https:\/\/cmperuviajesyaventuras.com\/ecuador\/","url":"https:\/\/cmperuviajesyaventuras.com\/ecuador\/","name":"ECUADOR - CM VIAJES Y AVENTURAS","isPartOf":{"@id":"https:\/\/www.cmperuviajesyaventuras.com\/en\/#website"},"primaryImageOfPage":{"@id":"https:\/\/cmperuviajesyaventuras.com\/ecuador\/#primaryimage"},"image":{"@id":"https:\/\/cmperuviajesyaventuras.com\/ecuador\/#primaryimage"},"thumbnailUrl":"https:\/\/cmperuviajesyaventuras.com\/wp-content\/uploads\/2025\/03\/ecuador-150x150.jpg","datePublished":"2025-03-16T20:05:21+00:00","dateModified":"2025-04-02T14:44:21+00:00","breadcrumb":{"@id":"https:\/\/cmperuviajesyaventuras.com\/ecuador\/#breadcrumb"},"inLanguage":"en-US","potentialAction":[{"@type":"ReadAction","target":["https:\/\/cmperuviajesyaventuras.com\/ecuador\/"]}]},{"@type":"ImageObject","inLanguage":"en-US","@id":"https:\/\/cmperuviajesyaventuras.com\/ecuador\/#primaryimage","url":"https:\/\/cmperuviajesyaventuras.com\/wp-content\/uploads\/2025\/03\/ecuador-150x150.jpg","contentUrl":"https:\/\/cmperuviajesyaventuras.com\/wp-content\/uploads\/2025\/03\/ecuador-150x150.jpg"},{"@type":"BreadcrumbList","@id":"https:\/\/cmperuviajesyaventuras.com\/ecuador\/#breadcrumb","itemListElement":[{"@type":"ListItem","position":1,"name":"Portada","item":"https:\/\/cmperuviajesyaventuras.com\/"},{"@type":"ListItem","position":2,"name":"ECUADOR"}]},{"@type":"WebSite","@id":"https:\/\/www.cmperuviajesyaventuras.com\/en\/#website","url":"https:\/\/www.cmperuviajesyaventuras.com\/en\/","name":"CM VIAJES Y AVENTURAS","description":"Agencia de Viajes y Turismo","publisher":{"@id":"https:\/\/www.cmperuviajesyaventuras.com\/en\/#organization"},"potentialAction":[{"@type":"SearchAction","target":{"@type":"EntryPoint","urlTemplate":"https:\/\/www.cmperuviajesyaventuras.com\/en\/?s={search_term_string}"},"query-input":{"@type":"PropertyValueSpecification","valueRequired":true,"valueName":"search_term_string"}}],"inLanguage":"en-US"},{"@type":"Organization","@id":"https:\/\/www.cmperuviajesyaventuras.com\/en\/#organization","name":"CM VIAJES Y AVENTURAS","url":"https:\/\/www.cmperuviajesyaventuras.com\/en\/","logo":{"@type":"ImageObject","inLanguage":"en-US","@id":"https:\/\/www.cmperuviajesyaventuras.com\/en\/#\/schema\/logo\/image\/","url":"https:\/\/cmperuviajesyaventuras.com\/wp-content\/uploads\/2025\/02\/cropped-favicon-1.png","contentUrl":"https:\/\/cmperuviajesyaventuras.com\/wp-content\/uploads\/2025\/02\/cropped-favicon-1.png","width":512,"height":512,"caption":"CM VIAJES Y AVENTURAS"},"image":{"@id":"https:\/\/www.cmperuviajesyaventuras.com\/en\/#\/schema\/logo\/image\/"}}]}},"_links":{"self":[{"href":"https:\/\/cmperuviajesyaventuras.com\/en\/wp-json\/wp\/v2\/pages\/5389","targetHints":{"allow":["GET"]}}],"collection":[{"href":"https:\/\/cmperuviajesyaventuras.com\/en\/wp-json\/wp\/v2\/pages"}],"about":[{"href":"https:\/\/cmperuviajesyaventuras.com\/en\/wp-json\/wp\/v2\/types\/page"}],"author":[{"embeddable":true,"href":"https:\/\/cmperuviajesyaventuras.com\/en\/wp-json\/wp\/v2\/users\/1"}],"replies":[{"embeddable":true,"href":"https:\/\/cmperuviajesyaventuras.com\/en\/wp-json\/wp\/v2\/comments?post=5389"}],"version-history":[{"count":33,"href":"https:\/\/cmperuviajesyaventuras.com\/en\/wp-json\/wp\/v2\/pages\/5389\/revisions"}],"predecessor-version":[{"id":8798,"href":"https:\/\/cmperuviajesyaventuras.com\/en\/wp-json\/wp\/v2\/pages\/5389\/revisions\/8798"}],"wp:attachment":[{"href":"https:\/\/cmperuviajesyaventuras.com\/en\/wp-json\/wp\/v2\/media?parent=5389"}],"curies":[{"name":"wp","href":"https:\/\/api.w.org\/{rel}","templated":true}]}}