{"id":5402,"date":"2025-03-16T15:09:43","date_gmt":"2025-03-16T20:09:43","guid":{"rendered":"https:\/\/sitioweb.minkaytec.com\/?page_id=5402"},"modified":"2025-04-02T09:44:49","modified_gmt":"2025-04-02T14:44:49","slug":"brasil","status":"publish","type":"page","link":"https:\/\/cmperuviajesyaventuras.com\/en\/brasil\/","title":{"rendered":"BRASIL"},"content":{"rendered":"<div data-elementor-type=\"wp-page\" data-elementor-id=\"5402\" class=\"elementor elementor-5402\" data-elementor-post-type=\"page\">\n\t\t\t\t\t\t<section class=\"elementor-section elementor-top-section elementor-element elementor-element-4eeb189 elementor-section-boxed elementor-section-height-default elementor-section-height-default elementor-invisible\" data-id=\"4eeb189\" data-element_type=\"section\" data-settings=\"{&quot;animation&quot;:&quot;fadeInDown&quot;}\">\n\t\t\t\t\t\t<div class=\"elementor-container elementor-column-gap-default\">\n\t\t\t\t\t<div class=\"elementor-column elementor-col-100 elementor-top-column elementor-element elementor-element-08abaf4\" data-id=\"08abaf4\" data-element_type=\"column\">\n\t\t\t<div class=\"elementor-widget-wrap elementor-element-populated\">\n\t\t\t\t\t\t<div class=\"elementor-element elementor-element-b9d69ff elementor-widget elementor-widget-heading\" data-id=\"b9d69ff\" data-element_type=\"widget\" data-widget_type=\"heading.default\">\n\t\t\t\t<div class=\"elementor-widget-container\">\n\t\t\t\t\t<h2 class=\"elementor-heading-title elementor-size-default\">Brazil - Natural beauty and vibrant culture<\/h2>\t\t\t\t<\/div>\n\t\t\t\t<\/div>\n\t\t\t\t\t<\/div>\n\t\t<\/div>\n\t\t\t\t\t<\/div>\n\t\t<\/section>\n\t\t\t\t<section class=\"elementor-section elementor-top-section elementor-element elementor-element-2325564 elementor-section-boxed elementor-section-height-default elementor-section-height-default elementor-invisible\" data-id=\"2325564\" data-element_type=\"section\" data-settings=\"{&quot;animation&quot;:&quot;fadeInDown&quot;}\">\n\t\t\t\t\t\t<div class=\"elementor-container elementor-column-gap-default\">\n\t\t\t\t\t<div class=\"elementor-column elementor-col-100 elementor-top-column elementor-element elementor-element-a2da9e7\" data-id=\"a2da9e7\" data-element_type=\"column\">\n\t\t\t<div class=\"elementor-widget-wrap elementor-element-populated\">\n\t\t\t\t\t\t<div class=\"elementor-element elementor-element-527b2fa elementor-widget elementor-widget-image\" data-id=\"527b2fa\" data-element_type=\"widget\" data-widget_type=\"image.default\">\n\t\t\t\t<div class=\"elementor-widget-container\">\n\t\t\t\t\t\t\t\t\t\t\t\t\t\t\t<img decoding=\"async\" src=\"https:\/\/cmperuviajesyaventuras.com\/wp-content\/uploads\/elementor\/thumbs\/Rio-de-Janeiro-r3139d5p6wf1epwviz1gm9f6z1fpvnnk2e1kon3qdc.jpg\" title=\"Rio-de-Janeiro\" alt=\"Rio-de-Janeiro\" loading=\"lazy\" \/>\t\t\t\t\t\t\t\t\t\t\t\t\t\t\t<\/div>\n\t\t\t\t<\/div>\n\t\t\t\t\t<\/div>\n\t\t<\/div>\n\t\t\t\t\t<\/div>\n\t\t<\/section>\n\t\t\t\t<section class=\"elementor-section elementor-top-section elementor-element elementor-element-17d83b5 elementor-section-boxed elementor-section-height-default elementor-section-height-default elementor-invisible\" data-id=\"17d83b5\" data-element_type=\"section\" data-settings=\"{&quot;animation&quot;:&quot;fadeInDown&quot;}\">\n\t\t\t\t\t\t<div class=\"elementor-container elementor-column-gap-default\">\n\t\t\t\t\t<div class=\"elementor-column elementor-col-50 elementor-top-column elementor-element elementor-element-636baed\" data-id=\"636baed\" data-element_type=\"column\">\n\t\t\t<div class=\"elementor-widget-wrap elementor-element-populated\">\n\t\t\t\t\t\t<div class=\"elementor-element elementor-element-7033be0 elementor-widget elementor-widget-text-editor\" data-id=\"7033be0\" data-element_type=\"widget\" data-widget_type=\"text-editor.default\">\n\t\t\t\t<div class=\"elementor-widget-container\">\n\t\t\t\t\t\t\t\t\t<p><strong>Tourist Attractions:<\/strong><\/p><ul><li class=\"translation-block\">Rio de Janeiro and Christ the Redeemer: One of the seven wonders of the modern world with spectacular views.<\/li><li class=\"translation-block\">Iguazu Falls: One of the most impressive waterfalls on the planet.<\/li><li class=\"translation-block\">Amazon: Tropical rainforest with unparalleled biodiversity.<\/li><li class=\"translation-block\">Salvador de Bahia: Cradle of Afro-Brazilian culture with beautiful beaches.<\/li><li class=\"translation-block\">Florian\u00f3polis Beaches: Surfing and relaxation destination with paradisiacal landscapes.<\/li><\/ul>\t\t\t\t\t\t\t\t<\/div>\n\t\t\t\t<\/div>\n\t\t\t\t\t<\/div>\n\t\t<\/div>\n\t\t\t\t<div class=\"elementor-column elementor-col-50 elementor-top-column elementor-element elementor-element-7bebb0d\" data-id=\"7bebb0d\" data-element_type=\"column\">\n\t\t\t<div class=\"elementor-widget-wrap elementor-element-populated\">\n\t\t\t\t\t\t<div class=\"elementor-element elementor-element-f9464fe elementor-widget elementor-widget-image\" data-id=\"f9464fe\" data-element_type=\"widget\" data-widget_type=\"image.default\">\n\t\t\t\t<div class=\"elementor-widget-container\">\n\t\t\t\t\t\t\t\t\t\t\t\t\t\t\t<img decoding=\"async\" src=\"https:\/\/cmperuviajesyaventuras.com\/wp-content\/uploads\/elementor\/thumbs\/brasil-Salvador-de-Bahia-r313e0gyzeto3rpuiznxtzj9se6ti9n3b5jxs6hkxc.jpeg\" title=\"brasil-Salvador-de-Bahia\" alt=\"brasil-Salvador-de-Bahia\" loading=\"lazy\" \/>\t\t\t\t\t\t\t\t\t\t\t\t\t\t\t<\/div>\n\t\t\t\t<\/div>\n\t\t\t\t\t<\/div>\n\t\t<\/div>\n\t\t\t\t\t<\/div>\n\t\t<\/section>\n\t\t\t\t<\/div>","protected":false},"excerpt":{"rendered":"<p>Brasil &#8211; Belleza natural y cultura vibrante Atractivos Tur\u00edsticos: R\u00edo de Janeiro y el Cristo Redentor: Una de las siete maravillas del mundo moderno con vistas espectaculares. Cataratas del Iguaz\u00fa: Una de las cascadas m\u00e1s impresionantes del planeta. Amazonas: Selva tropical con una biodiversidad inigualable. Salvador de Bah\u00eda: Cuna de la cultura afrobrasile\u00f1a con playas [&hellip;]<\/p>","protected":false},"author":1,"featured_media":0,"parent":0,"menu_order":0,"comment_status":"closed","ping_status":"closed","template":"","meta":{"_bbp_topic_count":0,"_bbp_reply_count":0,"_bbp_total_topic_count":0,"_bbp_total_reply_count":0,"_bbp_voice_count":0,"_bbp_anonymous_reply_count":0,"_bbp_topic_count_hidden":0,"_bbp_reply_count_hidden":0,"_bbp_forum_subforum_count":0,"footnotes":""},"class_list":["post-5402","page","type-page","status-publish","hentry"],"aioseo_notices":[],"yoast_head":"<!-- This site is optimized with the Yoast SEO plugin v26.1 - https:\/\/yoast.com\/wordpress\/plugins\/seo\/ -->\n<title>BRASIL - CM VIAJES Y AVENTURAS<\/title>\n<meta name=\"robots\" content=\"index, follow, max-snippet:-1, max-image-preview:large, max-video-preview:-1\" \/>\n<link rel=\"canonical\" href=\"https:\/\/www.cmperuviajesyaventuras.com\/brasil\/\" class=\"yoast-seo-meta-tag\" \/>\n<meta property=\"og:locale\" content=\"en_US\" class=\"yoast-seo-meta-tag\" \/>\n<meta property=\"og:type\" content=\"article\" class=\"yoast-seo-meta-tag\" \/>\n<meta property=\"og:title\" content=\"BRASIL - CM VIAJES Y AVENTURAS\" class=\"yoast-seo-meta-tag\" \/>\n<meta property=\"og:description\" content=\"Brasil &#8211; Belleza natural y cultura vibrante Atractivos Tur\u00edsticos: R\u00edo de Janeiro y el Cristo Redentor: Una de las siete maravillas del mundo moderno con vistas espectaculares. Cataratas del Iguaz\u00fa: Una de las cascadas m\u00e1s impresionantes del planeta. Amazonas: Selva tropical con una biodiversidad inigualable. Salvador de Bah\u00eda: Cuna de la cultura afrobrasile\u00f1a con playas [&hellip;]\" class=\"yoast-seo-meta-tag\" \/>\n<meta property=\"og:url\" content=\"https:\/\/www.cmperuviajesyaventuras.com\/brasil\/\" class=\"yoast-seo-meta-tag\" \/>\n<meta property=\"og:site_name\" content=\"CM VIAJES Y AVENTURAS\" class=\"yoast-seo-meta-tag\" \/>\n<meta property=\"article:modified_time\" content=\"2025-04-02T14:44:49+00:00\" class=\"yoast-seo-meta-tag\" \/>\n<meta property=\"og:image\" content=\"https:\/\/cmperuviajesyaventuras.com\/wp-content\/uploads\/2025\/03\/Rio-de-Janeiro-150x150.jpg\" class=\"yoast-seo-meta-tag\" \/>\n<meta name=\"twitter:card\" content=\"summary_large_image\" class=\"yoast-seo-meta-tag\" \/>\n<meta name=\"twitter:label1\" content=\"Est. reading time\" class=\"yoast-seo-meta-tag\" \/>\n\t<meta name=\"twitter:data1\" content=\"1 minute\" class=\"yoast-seo-meta-tag\" \/>\n<script type=\"application\/ld+json\" class=\"yoast-schema-graph\">{\"@context\":\"https:\/\/schema.org\",\"@graph\":[{\"@type\":\"WebPage\",\"@id\":\"https:\/\/www.cmperuviajesyaventuras.com\/brasil\/\",\"url\":\"https:\/\/www.cmperuviajesyaventuras.com\/brasil\/\",\"name\":\"BRASIL - CM VIAJES Y AVENTURAS\",\"isPartOf\":{\"@id\":\"https:\/\/www.cmperuviajesyaventuras.com\/en\/#website\"},\"primaryImageOfPage\":{\"@id\":\"https:\/\/www.cmperuviajesyaventuras.com\/brasil\/#primaryimage\"},\"image\":{\"@id\":\"https:\/\/www.cmperuviajesyaventuras.com\/brasil\/#primaryimage\"},\"thumbnailUrl\":\"https:\/\/cmperuviajesyaventuras.com\/wp-content\/uploads\/2025\/03\/Rio-de-Janeiro-150x150.jpg\",\"datePublished\":\"2025-03-16T20:09:43+00:00\",\"dateModified\":\"2025-04-02T14:44:49+00:00\",\"breadcrumb\":{\"@id\":\"https:\/\/www.cmperuviajesyaventuras.com\/brasil\/#breadcrumb\"},\"inLanguage\":\"en-US\",\"potentialAction\":[{\"@type\":\"ReadAction\",\"target\":[\"https:\/\/www.cmperuviajesyaventuras.com\/brasil\/\"]}]},{\"@type\":\"ImageObject\",\"inLanguage\":\"en-US\",\"@id\":\"https:\/\/www.cmperuviajesyaventuras.com\/brasil\/#primaryimage\",\"url\":\"https:\/\/cmperuviajesyaventuras.com\/wp-content\/uploads\/2025\/03\/Rio-de-Janeiro-150x150.jpg\",\"contentUrl\":\"https:\/\/cmperuviajesyaventuras.com\/wp-content\/uploads\/2025\/03\/Rio-de-Janeiro-150x150.jpg\"},{\"@type\":\"BreadcrumbList\",\"@id\":\"https:\/\/www.cmperuviajesyaventuras.com\/brasil\/#breadcrumb\",\"itemListElement\":[{\"@type\":\"ListItem\",\"position\":1,\"name\":\"Portada\",\"item\":\"https:\/\/cmperuviajesyaventuras.com\/\"},{\"@type\":\"ListItem\",\"position\":2,\"name\":\"BRASIL\"}]},{\"@type\":\"WebSite\",\"@id\":\"https:\/\/www.cmperuviajesyaventuras.com\/en\/#website\",\"url\":\"https:\/\/www.cmperuviajesyaventuras.com\/en\/\",\"name\":\"CM VIAJES Y AVENTURAS\",\"description\":\"Agencia de Viajes y Turismo\",\"publisher\":{\"@id\":\"https:\/\/www.cmperuviajesyaventuras.com\/en\/#organization\"},\"potentialAction\":[{\"@type\":\"SearchAction\",\"target\":{\"@type\":\"EntryPoint\",\"urlTemplate\":\"https:\/\/www.cmperuviajesyaventuras.com\/en\/?s={search_term_string}\"},\"query-input\":{\"@type\":\"PropertyValueSpecification\",\"valueRequired\":true,\"valueName\":\"search_term_string\"}}],\"inLanguage\":\"en-US\"},{\"@type\":\"Organization\",\"@id\":\"https:\/\/www.cmperuviajesyaventuras.com\/en\/#organization\",\"name\":\"CM VIAJES Y AVENTURAS\",\"url\":\"https:\/\/www.cmperuviajesyaventuras.com\/en\/\",\"logo\":{\"@type\":\"ImageObject\",\"inLanguage\":\"en-US\",\"@id\":\"https:\/\/www.cmperuviajesyaventuras.com\/en\/#\/schema\/logo\/image\/\",\"url\":\"https:\/\/cmperuviajesyaventuras.com\/wp-content\/uploads\/2025\/02\/cropped-favicon-1.png\",\"contentUrl\":\"https:\/\/cmperuviajesyaventuras.com\/wp-content\/uploads\/2025\/02\/cropped-favicon-1.png\",\"width\":512,\"height\":512,\"caption\":\"CM VIAJES Y AVENTURAS\"},\"image\":{\"@id\":\"https:\/\/www.cmperuviajesyaventuras.com\/en\/#\/schema\/logo\/image\/\"}}]}<\/script>\n<!-- \/ Yoast SEO plugin. -->","yoast_head_json":{"title":"BRASIL - CM VIAJES Y AVENTURAS","robots":{"index":"index","follow":"follow","max-snippet":"max-snippet:-1","max-image-preview":"max-image-preview:large","max-video-preview":"max-video-preview:-1"},"canonical":"https:\/\/www.cmperuviajesyaventuras.com\/brasil\/","og_locale":"en_US","og_type":"article","og_title":"BRASIL - CM VIAJES Y AVENTURAS","og_description":"Brasil &#8211; Belleza natural y cultura vibrante Atractivos Tur\u00edsticos: R\u00edo de Janeiro y el Cristo Redentor: Una de las siete maravillas del mundo moderno con vistas espectaculares. Cataratas del Iguaz\u00fa: Una de las cascadas m\u00e1s impresionantes del planeta. Amazonas: Selva tropical con una biodiversidad inigualable. Salvador de Bah\u00eda: Cuna de la cultura afrobrasile\u00f1a con playas [&hellip;]","og_url":"https:\/\/www.cmperuviajesyaventuras.com\/brasil\/","og_site_name":"CM VIAJES Y AVENTURAS","article_modified_time":"2025-04-02T14:44:49+00:00","og_image":[{"url":"https:\/\/cmperuviajesyaventuras.com\/wp-content\/uploads\/2025\/03\/Rio-de-Janeiro-150x150.jpg","type":"","width":"","height":""}],"twitter_card":"summary_large_image","twitter_misc":{"Est. reading time":"1 minute"},"schema":{"@context":"https:\/\/schema.org","@graph":[{"@type":"WebPage","@id":"https:\/\/www.cmperuviajesyaventuras.com\/brasil\/","url":"https:\/\/www.cmperuviajesyaventuras.com\/brasil\/","name":"BRASIL - CM VIAJES Y AVENTURAS","isPartOf":{"@id":"https:\/\/www.cmperuviajesyaventuras.com\/en\/#website"},"primaryImageOfPage":{"@id":"https:\/\/www.cmperuviajesyaventuras.com\/brasil\/#primaryimage"},"image":{"@id":"https:\/\/www.cmperuviajesyaventuras.com\/brasil\/#primaryimage"},"thumbnailUrl":"https:\/\/cmperuviajesyaventuras.com\/wp-content\/uploads\/2025\/03\/Rio-de-Janeiro-150x150.jpg","datePublished":"2025-03-16T20:09:43+00:00","dateModified":"2025-04-02T14:44:49+00:00","breadcrumb":{"@id":"https:\/\/www.cmperuviajesyaventuras.com\/brasil\/#breadcrumb"},"inLanguage":"en-US","potentialAction":[{"@type":"ReadAction","target":["https:\/\/www.cmperuviajesyaventuras.com\/brasil\/"]}]},{"@type":"ImageObject","inLanguage":"en-US","@id":"https:\/\/www.cmperuviajesyaventuras.com\/brasil\/#primaryimage","url":"https:\/\/cmperuviajesyaventuras.com\/wp-content\/uploads\/2025\/03\/Rio-de-Janeiro-150x150.jpg","contentUrl":"https:\/\/cmperuviajesyaventuras.com\/wp-content\/uploads\/2025\/03\/Rio-de-Janeiro-150x150.jpg"},{"@type":"BreadcrumbList","@id":"https:\/\/www.cmperuviajesyaventuras.com\/brasil\/#breadcrumb","itemListElement":[{"@type":"ListItem","position":1,"name":"Portada","item":"https:\/\/cmperuviajesyaventuras.com\/"},{"@type":"ListItem","position":2,"name":"BRASIL"}]},{"@type":"WebSite","@id":"https:\/\/www.cmperuviajesyaventuras.com\/en\/#website","url":"https:\/\/www.cmperuviajesyaventuras.com\/en\/","name":"CM VIAJES Y AVENTURAS","description":"Agencia de Viajes y Turismo","publisher":{"@id":"https:\/\/www.cmperuviajesyaventuras.com\/en\/#organization"},"potentialAction":[{"@type":"SearchAction","target":{"@type":"EntryPoint","urlTemplate":"https:\/\/www.cmperuviajesyaventuras.com\/en\/?s={search_term_string}"},"query-input":{"@type":"PropertyValueSpecification","valueRequired":true,"valueName":"search_term_string"}}],"inLanguage":"en-US"},{"@type":"Organization","@id":"https:\/\/www.cmperuviajesyaventuras.com\/en\/#organization","name":"CM VIAJES Y AVENTURAS","url":"https:\/\/www.cmperuviajesyaventuras.com\/en\/","logo":{"@type":"ImageObject","inLanguage":"en-US","@id":"https:\/\/www.cmperuviajesyaventuras.com\/en\/#\/schema\/logo\/image\/","url":"https:\/\/cmperuviajesyaventuras.com\/wp-content\/uploads\/2025\/02\/cropped-favicon-1.png","contentUrl":"https:\/\/cmperuviajesyaventuras.com\/wp-content\/uploads\/2025\/02\/cropped-favicon-1.png","width":512,"height":512,"caption":"CM VIAJES Y AVENTURAS"},"image":{"@id":"https:\/\/www.cmperuviajesyaventuras.com\/en\/#\/schema\/logo\/image\/"}}]}},"_links":{"self":[{"href":"https:\/\/cmperuviajesyaventuras.com\/en\/wp-json\/wp\/v2\/pages\/5402","targetHints":{"allow":["GET"]}}],"collection":[{"href":"https:\/\/cmperuviajesyaventuras.com\/en\/wp-json\/wp\/v2\/pages"}],"about":[{"href":"https:\/\/cmperuviajesyaventuras.com\/en\/wp-json\/wp\/v2\/types\/page"}],"author":[{"embeddable":true,"href":"https:\/\/cmperuviajesyaventuras.com\/en\/wp-json\/wp\/v2\/users\/1"}],"replies":[{"embeddable":true,"href":"https:\/\/cmperuviajesyaventuras.com\/en\/wp-json\/wp\/v2\/comments?post=5402"}],"version-history":[{"count":33,"href":"https:\/\/cmperuviajesyaventuras.com\/en\/wp-json\/wp\/v2\/pages\/5402\/revisions"}],"predecessor-version":[{"id":8801,"href":"https:\/\/cmperuviajesyaventuras.com\/en\/wp-json\/wp\/v2\/pages\/5402\/revisions\/8801"}],"wp:attachment":[{"href":"https:\/\/cmperuviajesyaventuras.com\/en\/wp-json\/wp\/v2\/media?parent=5402"}],"curies":[{"name":"wp","href":"https:\/\/api.w.org\/{rel}","templated":true}]}}