{"id":5475,"date":"2025-03-16T15:31:33","date_gmt":"2025-03-16T20:31:33","guid":{"rendered":"https:\/\/sitioweb.minkaytec.com\/?page_id=5475"},"modified":"2025-04-02T09:47:43","modified_gmt":"2025-04-02T14:47:43","slug":"republica-dominicana","status":"publish","type":"page","link":"https:\/\/cmperuviajesyaventuras.com\/en\/republica-dominicana\/","title":{"rendered":"REP\u00daBLICA DOMINICANA"},"content":{"rendered":"<div data-elementor-type=\"wp-page\" data-elementor-id=\"5475\" class=\"elementor elementor-5475\" data-elementor-post-type=\"page\">\n\t\t\t\t\t\t<section class=\"elementor-section elementor-top-section elementor-element elementor-element-743d0ea elementor-section-boxed elementor-section-height-default elementor-section-height-default elementor-invisible\" data-id=\"743d0ea\" data-element_type=\"section\" data-settings=\"{&quot;animation&quot;:&quot;fadeInDown&quot;}\">\n\t\t\t\t\t\t<div class=\"elementor-container elementor-column-gap-default\">\n\t\t\t\t\t<div class=\"elementor-column elementor-col-100 elementor-top-column elementor-element elementor-element-2047ce1\" data-id=\"2047ce1\" data-element_type=\"column\">\n\t\t\t<div class=\"elementor-widget-wrap elementor-element-populated\">\n\t\t\t\t\t\t<div class=\"elementor-element elementor-element-3b765ad elementor-widget elementor-widget-heading\" data-id=\"3b765ad\" data-element_type=\"widget\" data-widget_type=\"heading.default\">\n\t\t\t\t<div class=\"elementor-widget-container\">\n\t\t\t\t\t<h2 class=\"elementor-heading-title elementor-size-default\">Rep\u00fablica Dominicana - Para\u00edso del Caribe<\/h2>\t\t\t\t<\/div>\n\t\t\t\t<\/div>\n\t\t\t\t\t<\/div>\n\t\t<\/div>\n\t\t\t\t\t<\/div>\n\t\t<\/section>\n\t\t\t\t<section class=\"elementor-section elementor-top-section elementor-element elementor-element-55296f7 elementor-section-boxed elementor-section-height-default elementor-section-height-default elementor-invisible\" data-id=\"55296f7\" data-element_type=\"section\" data-settings=\"{&quot;animation&quot;:&quot;fadeInDown&quot;}\">\n\t\t\t\t\t\t<div class=\"elementor-container elementor-column-gap-default\">\n\t\t\t\t\t<div class=\"elementor-column elementor-col-100 elementor-top-column elementor-element elementor-element-e16c4cc\" data-id=\"e16c4cc\" data-element_type=\"column\">\n\t\t\t<div class=\"elementor-widget-wrap elementor-element-populated\">\n\t\t\t\t\t\t<div class=\"elementor-element elementor-element-fe9f3a9 elementor-widget elementor-widget-image\" data-id=\"fe9f3a9\" data-element_type=\"widget\" data-widget_type=\"image.default\">\n\t\t\t\t<div class=\"elementor-widget-container\">\n\t\t\t\t\t\t\t\t\t\t\t\t\t\t\t<img decoding=\"async\" src=\"https:\/\/cmperuviajesyaventuras.com\/wp-content\/uploads\/elementor\/thumbs\/republica-dominicana-santo-domingo-r317daz8u6xopb0tnx5m1xgws89fcoyp2mepufr328.jpg\" title=\"rep\u00fablica-dominicana-santo-domingo\" alt=\"rep\u00fablica-dominicana-santo-domingo\" loading=\"lazy\" \/>\t\t\t\t\t\t\t\t\t\t\t\t\t\t\t<\/div>\n\t\t\t\t<\/div>\n\t\t\t\t\t<\/div>\n\t\t<\/div>\n\t\t\t\t\t<\/div>\n\t\t<\/section>\n\t\t\t\t<section class=\"elementor-section elementor-top-section elementor-element elementor-element-67d8da8 elementor-section-boxed elementor-section-height-default elementor-section-height-default elementor-invisible\" data-id=\"67d8da8\" data-element_type=\"section\" data-settings=\"{&quot;animation&quot;:&quot;fadeInDown&quot;}\">\n\t\t\t\t\t\t<div class=\"elementor-container elementor-column-gap-default\">\n\t\t\t\t\t<div class=\"elementor-column elementor-col-50 elementor-top-column elementor-element elementor-element-d223a70\" data-id=\"d223a70\" data-element_type=\"column\">\n\t\t\t<div class=\"elementor-widget-wrap elementor-element-populated\">\n\t\t\t\t\t\t<div class=\"elementor-element elementor-element-e0cc48a elementor-widget elementor-widget-text-editor\" data-id=\"e0cc48a\" data-element_type=\"widget\" data-widget_type=\"text-editor.default\">\n\t\t\t\t<div class=\"elementor-widget-container\">\n\t\t\t\t\t\t\t\t\t<p><strong>Tourist Attractions:<\/strong><\/p><ul><li class=\"translation-block\">Punta Cana: White sand beaches and luxury resorts.<\/li><li class=\"translation-block\">Santo Domingo: The oldest colonial city in America.<\/li><li class=\"translation-block\">Saman\u00e1: Virgin beaches and whale watching.<\/li><li class=\"translation-block\">La Romana: Golf and exclusive beach destination.<\/li><li class=\"translation-block\">Jarabacoa: Mountains and ecotourism in the center of the country.<\/li><\/ul>\t\t\t\t\t\t\t\t<\/div>\n\t\t\t\t<\/div>\n\t\t\t\t\t<\/div>\n\t\t<\/div>\n\t\t\t\t<div class=\"elementor-column elementor-col-50 elementor-top-column elementor-element elementor-element-2b085e3\" data-id=\"2b085e3\" data-element_type=\"column\">\n\t\t\t<div class=\"elementor-widget-wrap elementor-element-populated\">\n\t\t\t\t\t\t<div class=\"elementor-element elementor-element-22ffa3d elementor-widget elementor-widget-image\" data-id=\"22ffa3d\" data-element_type=\"widget\" data-widget_type=\"image.default\">\n\t\t\t\t<div class=\"elementor-widget-container\">\n\t\t\t\t\t\t\t\t\t\t\t\t\t\t\t<img decoding=\"async\" src=\"https:\/\/cmperuviajesyaventuras.com\/wp-content\/uploads\/elementor\/thumbs\/republica-dominicana-samana-r317r55pgdx8x3h6zwsrnc38p7pq8rfqwvjzvdics0.jpg\" title=\"republica-dominicana-samana\" alt=\"republica-dominicana-samana\" loading=\"lazy\" \/>\t\t\t\t\t\t\t\t\t\t\t\t\t\t\t<\/div>\n\t\t\t\t<\/div>\n\t\t\t\t\t<\/div>\n\t\t<\/div>\n\t\t\t\t\t<\/div>\n\t\t<\/section>\n\t\t\t\t<\/div>","protected":false},"excerpt":{"rendered":"<p>Rep\u00fablica Dominicana &#8211; Para\u00edso del Caribe Atractivos Tur\u00edsticos: Punta Cana: Playas de arena blanca y resorts de lujo. Santo Domingo: La ciudad colonial m\u00e1s antigua de Am\u00e9rica. Saman\u00e1: Playas v\u00edrgenes y avistamiento de ballenas. La Romana: Destino de golf y playas exclusivas. Jarabacoa: Monta\u00f1as y ecoturismo en el centro del pa\u00eds.<\/p>","protected":false},"author":1,"featured_media":0,"parent":0,"menu_order":0,"comment_status":"closed","ping_status":"closed","template":"","meta":{"_bbp_topic_count":0,"_bbp_reply_count":0,"_bbp_total_topic_count":0,"_bbp_total_reply_count":0,"_bbp_voice_count":0,"_bbp_anonymous_reply_count":0,"_bbp_topic_count_hidden":0,"_bbp_reply_count_hidden":0,"_bbp_forum_subforum_count":0,"footnotes":""},"class_list":["post-5475","page","type-page","status-publish","hentry"],"aioseo_notices":[],"yoast_head":"<!-- This site is optimized with the Yoast SEO plugin v26.1 - https:\/\/yoast.com\/wordpress\/plugins\/seo\/ -->\n<title>REP\u00daBLICA DOMINICANA - CM VIAJES Y AVENTURAS<\/title>\n<meta name=\"robots\" content=\"index, follow, max-snippet:-1, max-image-preview:large, max-video-preview:-1\" \/>\n<link rel=\"canonical\" href=\"https:\/\/cmperuviajesyaventuras.com\/en\/republica-dominicana\/\" class=\"yoast-seo-meta-tag\" \/>\n<meta property=\"og:locale\" content=\"en_US\" class=\"yoast-seo-meta-tag\" \/>\n<meta property=\"og:type\" content=\"article\" class=\"yoast-seo-meta-tag\" \/>\n<meta property=\"og:title\" content=\"REP\u00daBLICA DOMINICANA - CM VIAJES Y AVENTURAS\" class=\"yoast-seo-meta-tag\" \/>\n<meta property=\"og:description\" content=\"Rep\u00fablica Dominicana &#8211; Para\u00edso del Caribe Atractivos Tur\u00edsticos: Punta Cana: Playas de arena blanca y resorts de lujo. Santo Domingo: La ciudad colonial m\u00e1s antigua de Am\u00e9rica. Saman\u00e1: Playas v\u00edrgenes y avistamiento de ballenas. La Romana: Destino de golf y playas exclusivas. Jarabacoa: Monta\u00f1as y ecoturismo en el centro del pa\u00eds.\" class=\"yoast-seo-meta-tag\" \/>\n<meta property=\"og:url\" content=\"https:\/\/cmperuviajesyaventuras.com\/en\/republica-dominicana\/\" class=\"yoast-seo-meta-tag\" \/>\n<meta property=\"og:site_name\" content=\"CM VIAJES Y AVENTURAS\" class=\"yoast-seo-meta-tag\" \/>\n<meta property=\"article:modified_time\" content=\"2025-04-02T14:47:43+00:00\" class=\"yoast-seo-meta-tag\" \/>\n<meta property=\"og:image\" content=\"https:\/\/cmperuviajesyaventuras.com\/wp-content\/uploads\/2025\/03\/republica-dominicana-santo-domingo-150x150.jpg\" class=\"yoast-seo-meta-tag\" \/>\n<meta name=\"twitter:card\" content=\"summary_large_image\" class=\"yoast-seo-meta-tag\" \/>\n<meta name=\"twitter:label1\" content=\"Est. reading time\" class=\"yoast-seo-meta-tag\" \/>\n\t<meta name=\"twitter:data1\" content=\"1 minute\" class=\"yoast-seo-meta-tag\" \/>\n<script type=\"application\/ld+json\" class=\"yoast-schema-graph\">{\"@context\":\"https:\/\/schema.org\",\"@graph\":[{\"@type\":\"WebPage\",\"@id\":\"https:\/\/cmperuviajesyaventuras.com\/republica-dominicana\/\",\"url\":\"https:\/\/cmperuviajesyaventuras.com\/republica-dominicana\/\",\"name\":\"REP\u00daBLICA DOMINICANA - CM VIAJES Y AVENTURAS\",\"isPartOf\":{\"@id\":\"https:\/\/www.cmperuviajesyaventuras.com\/en\/#website\"},\"primaryImageOfPage\":{\"@id\":\"https:\/\/cmperuviajesyaventuras.com\/republica-dominicana\/#primaryimage\"},\"image\":{\"@id\":\"https:\/\/cmperuviajesyaventuras.com\/republica-dominicana\/#primaryimage\"},\"thumbnailUrl\":\"https:\/\/cmperuviajesyaventuras.com\/wp-content\/uploads\/2025\/03\/republica-dominicana-santo-domingo-150x150.jpg\",\"datePublished\":\"2025-03-16T20:31:33+00:00\",\"dateModified\":\"2025-04-02T14:47:43+00:00\",\"breadcrumb\":{\"@id\":\"https:\/\/cmperuviajesyaventuras.com\/republica-dominicana\/#breadcrumb\"},\"inLanguage\":\"en-US\",\"potentialAction\":[{\"@type\":\"ReadAction\",\"target\":[\"https:\/\/cmperuviajesyaventuras.com\/republica-dominicana\/\"]}]},{\"@type\":\"ImageObject\",\"inLanguage\":\"en-US\",\"@id\":\"https:\/\/cmperuviajesyaventuras.com\/republica-dominicana\/#primaryimage\",\"url\":\"https:\/\/cmperuviajesyaventuras.com\/wp-content\/uploads\/2025\/03\/republica-dominicana-santo-domingo-150x150.jpg\",\"contentUrl\":\"https:\/\/cmperuviajesyaventuras.com\/wp-content\/uploads\/2025\/03\/republica-dominicana-santo-domingo-150x150.jpg\"},{\"@type\":\"BreadcrumbList\",\"@id\":\"https:\/\/cmperuviajesyaventuras.com\/republica-dominicana\/#breadcrumb\",\"itemListElement\":[{\"@type\":\"ListItem\",\"position\":1,\"name\":\"Portada\",\"item\":\"https:\/\/cmperuviajesyaventuras.com\/\"},{\"@type\":\"ListItem\",\"position\":2,\"name\":\"REP\u00daBLICA DOMINICANA\"}]},{\"@type\":\"WebSite\",\"@id\":\"https:\/\/www.cmperuviajesyaventuras.com\/en\/#website\",\"url\":\"https:\/\/www.cmperuviajesyaventuras.com\/en\/\",\"name\":\"CM VIAJES Y AVENTURAS\",\"description\":\"Agencia de Viajes y Turismo\",\"publisher\":{\"@id\":\"https:\/\/www.cmperuviajesyaventuras.com\/en\/#organization\"},\"potentialAction\":[{\"@type\":\"SearchAction\",\"target\":{\"@type\":\"EntryPoint\",\"urlTemplate\":\"https:\/\/www.cmperuviajesyaventuras.com\/en\/?s={search_term_string}\"},\"query-input\":{\"@type\":\"PropertyValueSpecification\",\"valueRequired\":true,\"valueName\":\"search_term_string\"}}],\"inLanguage\":\"en-US\"},{\"@type\":\"Organization\",\"@id\":\"https:\/\/www.cmperuviajesyaventuras.com\/en\/#organization\",\"name\":\"CM VIAJES Y AVENTURAS\",\"url\":\"https:\/\/www.cmperuviajesyaventuras.com\/en\/\",\"logo\":{\"@type\":\"ImageObject\",\"inLanguage\":\"en-US\",\"@id\":\"https:\/\/www.cmperuviajesyaventuras.com\/en\/#\/schema\/logo\/image\/\",\"url\":\"https:\/\/cmperuviajesyaventuras.com\/wp-content\/uploads\/2025\/02\/cropped-favicon-1.png\",\"contentUrl\":\"https:\/\/cmperuviajesyaventuras.com\/wp-content\/uploads\/2025\/02\/cropped-favicon-1.png\",\"width\":512,\"height\":512,\"caption\":\"CM VIAJES Y AVENTURAS\"},\"image\":{\"@id\":\"https:\/\/www.cmperuviajesyaventuras.com\/en\/#\/schema\/logo\/image\/\"}}]}<\/script>\n<!-- \/ Yoast SEO plugin. -->","yoast_head_json":{"title":"REP\u00daBLICA DOMINICANA - CM VIAJES Y AVENTURAS","robots":{"index":"index","follow":"follow","max-snippet":"max-snippet:-1","max-image-preview":"max-image-preview:large","max-video-preview":"max-video-preview:-1"},"canonical":"https:\/\/cmperuviajesyaventuras.com\/en\/republica-dominicana\/","og_locale":"en_US","og_type":"article","og_title":"REP\u00daBLICA DOMINICANA - CM VIAJES Y AVENTURAS","og_description":"Rep\u00fablica Dominicana &#8211; Para\u00edso del Caribe Atractivos Tur\u00edsticos: Punta Cana: Playas de arena blanca y resorts de lujo. Santo Domingo: La ciudad colonial m\u00e1s antigua de Am\u00e9rica. Saman\u00e1: Playas v\u00edrgenes y avistamiento de ballenas. La Romana: Destino de golf y playas exclusivas. Jarabacoa: Monta\u00f1as y ecoturismo en el centro del pa\u00eds.","og_url":"https:\/\/cmperuviajesyaventuras.com\/en\/republica-dominicana\/","og_site_name":"CM VIAJES Y AVENTURAS","article_modified_time":"2025-04-02T14:47:43+00:00","og_image":[{"url":"https:\/\/cmperuviajesyaventuras.com\/wp-content\/uploads\/2025\/03\/republica-dominicana-santo-domingo-150x150.jpg","type":"","width":"","height":""}],"twitter_card":"summary_large_image","twitter_misc":{"Est. reading time":"1 minute"},"schema":{"@context":"https:\/\/schema.org","@graph":[{"@type":"WebPage","@id":"https:\/\/cmperuviajesyaventuras.com\/republica-dominicana\/","url":"https:\/\/cmperuviajesyaventuras.com\/republica-dominicana\/","name":"REP\u00daBLICA DOMINICANA - CM VIAJES Y AVENTURAS","isPartOf":{"@id":"https:\/\/www.cmperuviajesyaventuras.com\/en\/#website"},"primaryImageOfPage":{"@id":"https:\/\/cmperuviajesyaventuras.com\/republica-dominicana\/#primaryimage"},"image":{"@id":"https:\/\/cmperuviajesyaventuras.com\/republica-dominicana\/#primaryimage"},"thumbnailUrl":"https:\/\/cmperuviajesyaventuras.com\/wp-content\/uploads\/2025\/03\/republica-dominicana-santo-domingo-150x150.jpg","datePublished":"2025-03-16T20:31:33+00:00","dateModified":"2025-04-02T14:47:43+00:00","breadcrumb":{"@id":"https:\/\/cmperuviajesyaventuras.com\/republica-dominicana\/#breadcrumb"},"inLanguage":"en-US","potentialAction":[{"@type":"ReadAction","target":["https:\/\/cmperuviajesyaventuras.com\/republica-dominicana\/"]}]},{"@type":"ImageObject","inLanguage":"en-US","@id":"https:\/\/cmperuviajesyaventuras.com\/republica-dominicana\/#primaryimage","url":"https:\/\/cmperuviajesyaventuras.com\/wp-content\/uploads\/2025\/03\/republica-dominicana-santo-domingo-150x150.jpg","contentUrl":"https:\/\/cmperuviajesyaventuras.com\/wp-content\/uploads\/2025\/03\/republica-dominicana-santo-domingo-150x150.jpg"},{"@type":"BreadcrumbList","@id":"https:\/\/cmperuviajesyaventuras.com\/republica-dominicana\/#breadcrumb","itemListElement":[{"@type":"ListItem","position":1,"name":"Portada","item":"https:\/\/cmperuviajesyaventuras.com\/"},{"@type":"ListItem","position":2,"name":"REP\u00daBLICA DOMINICANA"}]},{"@type":"WebSite","@id":"https:\/\/www.cmperuviajesyaventuras.com\/en\/#website","url":"https:\/\/www.cmperuviajesyaventuras.com\/en\/","name":"CM VIAJES Y AVENTURAS","description":"Agencia de Viajes y Turismo","publisher":{"@id":"https:\/\/www.cmperuviajesyaventuras.com\/en\/#organization"},"potentialAction":[{"@type":"SearchAction","target":{"@type":"EntryPoint","urlTemplate":"https:\/\/www.cmperuviajesyaventuras.com\/en\/?s={search_term_string}"},"query-input":{"@type":"PropertyValueSpecification","valueRequired":true,"valueName":"search_term_string"}}],"inLanguage":"en-US"},{"@type":"Organization","@id":"https:\/\/www.cmperuviajesyaventuras.com\/en\/#organization","name":"CM VIAJES Y AVENTURAS","url":"https:\/\/www.cmperuviajesyaventuras.com\/en\/","logo":{"@type":"ImageObject","inLanguage":"en-US","@id":"https:\/\/www.cmperuviajesyaventuras.com\/en\/#\/schema\/logo\/image\/","url":"https:\/\/cmperuviajesyaventuras.com\/wp-content\/uploads\/2025\/02\/cropped-favicon-1.png","contentUrl":"https:\/\/cmperuviajesyaventuras.com\/wp-content\/uploads\/2025\/02\/cropped-favicon-1.png","width":512,"height":512,"caption":"CM VIAJES Y AVENTURAS"},"image":{"@id":"https:\/\/www.cmperuviajesyaventuras.com\/en\/#\/schema\/logo\/image\/"}}]}},"_links":{"self":[{"href":"https:\/\/cmperuviajesyaventuras.com\/en\/wp-json\/wp\/v2\/pages\/5475","targetHints":{"allow":["GET"]}}],"collection":[{"href":"https:\/\/cmperuviajesyaventuras.com\/en\/wp-json\/wp\/v2\/pages"}],"about":[{"href":"https:\/\/cmperuviajesyaventuras.com\/en\/wp-json\/wp\/v2\/types\/page"}],"author":[{"embeddable":true,"href":"https:\/\/cmperuviajesyaventuras.com\/en\/wp-json\/wp\/v2\/users\/1"}],"replies":[{"embeddable":true,"href":"https:\/\/cmperuviajesyaventuras.com\/en\/wp-json\/wp\/v2\/comments?post=5475"}],"version-history":[{"count":39,"href":"https:\/\/cmperuviajesyaventuras.com\/en\/wp-json\/wp\/v2\/pages\/5475\/revisions"}],"predecessor-version":[{"id":8822,"href":"https:\/\/cmperuviajesyaventuras.com\/en\/wp-json\/wp\/v2\/pages\/5475\/revisions\/8822"}],"wp:attachment":[{"href":"https:\/\/cmperuviajesyaventuras.com\/en\/wp-json\/wp\/v2\/media?parent=5475"}],"curies":[{"name":"wp","href":"https:\/\/api.w.org\/{rel}","templated":true}]}}