{"id":5520,"date":"2025-03-16T15:42:23","date_gmt":"2025-03-16T20:42:23","guid":{"rendered":"https:\/\/sitioweb.minkaytec.com\/?page_id=5520"},"modified":"2025-04-02T09:49:13","modified_gmt":"2025-04-02T14:49:13","slug":"asia","status":"publish","type":"page","link":"https:\/\/cmperuviajesyaventuras.com\/en\/asia\/","title":{"rendered":"ASIA"},"content":{"rendered":"<div data-elementor-type=\"wp-page\" data-elementor-id=\"5520\" class=\"elementor elementor-5520\" data-elementor-post-type=\"page\">\n\t\t\t\t\t\t<section class=\"elementor-section elementor-top-section elementor-element elementor-element-bc87a85 elementor-section-boxed elementor-section-height-default elementor-section-height-default elementor-invisible\" data-id=\"bc87a85\" data-element_type=\"section\" data-settings=\"{&quot;animation&quot;:&quot;fadeInDown&quot;}\">\n\t\t\t\t\t\t<div class=\"elementor-container elementor-column-gap-default\">\n\t\t\t\t\t<div class=\"elementor-column elementor-col-100 elementor-top-column elementor-element elementor-element-640ee2a\" data-id=\"640ee2a\" data-element_type=\"column\">\n\t\t\t<div class=\"elementor-widget-wrap elementor-element-populated\">\n\t\t\t\t\t\t<div class=\"elementor-element elementor-element-9cc1b28 elementor-widget elementor-widget-heading\" data-id=\"9cc1b28\" data-element_type=\"widget\" data-widget_type=\"heading.default\">\n\t\t\t\t<div class=\"elementor-widget-container\">\n\t\t\t\t\t<h2 class=\"elementor-heading-title elementor-size-default\">Asia - Ancient Traditions and Modernity<\/h2>\t\t\t\t<\/div>\n\t\t\t\t<\/div>\n\t\t\t\t\t<\/div>\n\t\t<\/div>\n\t\t\t\t\t<\/div>\n\t\t<\/section>\n\t\t\t\t<section class=\"elementor-section elementor-top-section elementor-element elementor-element-1c4ea24 elementor-section-boxed elementor-section-height-default elementor-section-height-default elementor-invisible\" data-id=\"1c4ea24\" data-element_type=\"section\" data-settings=\"{&quot;animation&quot;:&quot;fadeInDown&quot;}\">\n\t\t\t\t\t\t<div class=\"elementor-container elementor-column-gap-default\">\n\t\t\t\t\t<div class=\"elementor-column elementor-col-100 elementor-top-column elementor-element elementor-element-495b25e\" data-id=\"495b25e\" data-element_type=\"column\">\n\t\t\t<div class=\"elementor-widget-wrap elementor-element-populated\">\n\t\t\t\t\t\t<div class=\"elementor-element elementor-element-65dfd26 elementor-widget elementor-widget-image\" data-id=\"65dfd26\" data-element_type=\"widget\" data-widget_type=\"image.default\">\n\t\t\t\t<div class=\"elementor-widget-container\">\n\t\t\t\t\t\t\t\t\t\t\t\t\t\t\t<img decoding=\"async\" src=\"https:\/\/cmperuviajesyaventuras.com\/wp-content\/uploads\/elementor\/thumbs\/asia-la-gran-muralla-china-r318sbnvsgryvcwxqz2me1zlj4sn59i7f55hl43tc0.jpg\" title=\"asia-la-gran-muralla-china\" alt=\"asia-la-gran-muralla-china\" loading=\"lazy\" \/>\t\t\t\t\t\t\t\t\t\t\t\t\t\t\t<\/div>\n\t\t\t\t<\/div>\n\t\t\t\t\t<\/div>\n\t\t<\/div>\n\t\t\t\t\t<\/div>\n\t\t<\/section>\n\t\t\t\t<section class=\"elementor-section elementor-top-section elementor-element elementor-element-9d1bd9f elementor-section-boxed elementor-section-height-default elementor-section-height-default elementor-invisible\" data-id=\"9d1bd9f\" data-element_type=\"section\" data-settings=\"{&quot;animation&quot;:&quot;fadeInDown&quot;}\">\n\t\t\t\t\t\t<div class=\"elementor-container elementor-column-gap-default\">\n\t\t\t\t\t<div class=\"elementor-column elementor-col-50 elementor-top-column elementor-element elementor-element-471d82e\" data-id=\"471d82e\" data-element_type=\"column\">\n\t\t\t<div class=\"elementor-widget-wrap elementor-element-populated\">\n\t\t\t\t\t\t<div class=\"elementor-element elementor-element-7319b75 elementor-widget elementor-widget-text-editor\" data-id=\"7319b75\" data-element_type=\"widget\" data-widget_type=\"text-editor.default\">\n\t\t\t\t<div class=\"elementor-widget-container\">\n\t\t\t\t\t\t\t\t\t<p><strong>Tourist Attractions:<\/strong><\/p><ul><li class=\"translation-block\">China: The Great Wall, the Forbidden City in Beijing.<\/li><li class=\"translation-block\">Japan: Tokyo and its modernity, Kyoto and its traditional temples.<\/li><li class=\"translation-block\">Thailand: Paradise beaches in Phuket, temples in Bangkok.<\/li><li class=\"translation-block\">India: The Taj Mahal, the Ganges and its spiritual rituals.<\/li><li class=\"translation-block\">Vietnam: Ha Long Bay and its unique landscapes.<\/li><\/ul>\t\t\t\t\t\t\t\t<\/div>\n\t\t\t\t<\/div>\n\t\t\t\t\t<\/div>\n\t\t<\/div>\n\t\t\t\t<div class=\"elementor-column elementor-col-50 elementor-top-column elementor-element elementor-element-d5b2a5c\" data-id=\"d5b2a5c\" data-element_type=\"column\">\n\t\t\t<div class=\"elementor-widget-wrap elementor-element-populated\">\n\t\t\t\t\t\t<div class=\"elementor-element elementor-element-ac73a21 elementor-widget elementor-widget-image\" data-id=\"ac73a21\" data-element_type=\"widget\" data-widget_type=\"image.default\">\n\t\t\t\t<div class=\"elementor-widget-container\">\n\t\t\t\t\t\t\t\t\t\t\t\t\t\t\t<img decoding=\"async\" src=\"https:\/\/cmperuviajesyaventuras.com\/wp-content\/uploads\/elementor\/thumbs\/asia-japon-tokio-r318v1f3j8jdp9iy15mph9nkdz2ky9tlqcdx66csog.jpg\" title=\"asia-japon-tokio\" alt=\"asia-japon-tokio\" loading=\"lazy\" \/>\t\t\t\t\t\t\t\t\t\t\t\t\t\t\t<\/div>\n\t\t\t\t<\/div>\n\t\t\t\t\t<\/div>\n\t\t<\/div>\n\t\t\t\t\t<\/div>\n\t\t<\/section>\n\t\t\t\t<\/div>","protected":false},"excerpt":{"rendered":"<p>Asia &#8211; Tradiciones milenarias y modernidad Atractivos Tur\u00edsticos: China: La Gran Muralla, la Ciudad Prohibida en Pek\u00edn. Jap\u00f3n: Tokio y su modernidad, Kioto y sus templos tradicionales. Tailandia: Playas paradis\u00edacas en Phuket, templos en Bangkok. India: El Taj Mahal, el Ganges y sus rituales espirituales. Vietnam: Bah\u00eda de Ha Long y sus paisajes \u00fanicos.<\/p>","protected":false},"author":1,"featured_media":0,"parent":0,"menu_order":0,"comment_status":"closed","ping_status":"closed","template":"","meta":{"_bbp_topic_count":0,"_bbp_reply_count":0,"_bbp_total_topic_count":0,"_bbp_total_reply_count":0,"_bbp_voice_count":0,"_bbp_anonymous_reply_count":0,"_bbp_topic_count_hidden":0,"_bbp_reply_count_hidden":0,"_bbp_forum_subforum_count":0,"footnotes":""},"class_list":["post-5520","page","type-page","status-publish","hentry"],"aioseo_notices":[],"yoast_head":"<!-- This site is optimized with the Yoast SEO plugin v26.1 - https:\/\/yoast.com\/wordpress\/plugins\/seo\/ -->\n<title>ASIA - CM VIAJES Y AVENTURAS<\/title>\n<meta name=\"robots\" content=\"index, follow, max-snippet:-1, max-image-preview:large, max-video-preview:-1\" \/>\n<link rel=\"canonical\" href=\"https:\/\/cmperuviajesyaventuras.com\/en\/asia\/\" class=\"yoast-seo-meta-tag\" \/>\n<meta property=\"og:locale\" content=\"en_US\" class=\"yoast-seo-meta-tag\" \/>\n<meta property=\"og:type\" content=\"article\" class=\"yoast-seo-meta-tag\" \/>\n<meta property=\"og:title\" content=\"ASIA - CM VIAJES Y AVENTURAS\" class=\"yoast-seo-meta-tag\" \/>\n<meta property=\"og:description\" content=\"Asia &#8211; Tradiciones milenarias y modernidad Atractivos Tur\u00edsticos: China: La Gran Muralla, la Ciudad Prohibida en Pek\u00edn. Jap\u00f3n: Tokio y su modernidad, Kioto y sus templos tradicionales. Tailandia: Playas paradis\u00edacas en Phuket, templos en Bangkok. India: El Taj Mahal, el Ganges y sus rituales espirituales. Vietnam: Bah\u00eda de Ha Long y sus paisajes \u00fanicos.\" class=\"yoast-seo-meta-tag\" \/>\n<meta property=\"og:url\" content=\"https:\/\/cmperuviajesyaventuras.com\/en\/asia\/\" class=\"yoast-seo-meta-tag\" \/>\n<meta property=\"og:site_name\" content=\"CM VIAJES Y AVENTURAS\" class=\"yoast-seo-meta-tag\" \/>\n<meta property=\"article:modified_time\" content=\"2025-04-02T14:49:13+00:00\" class=\"yoast-seo-meta-tag\" \/>\n<meta property=\"og:image\" content=\"https:\/\/cmperuviajesyaventuras.com\/wp-content\/uploads\/elementor\/thumbs\/asia-la-gran-muralla-china-r318sbnvsgryvcwxqz2me1zlj4sn59i7f55hftl3r4.jpg\" class=\"yoast-seo-meta-tag\" \/>\n<meta name=\"twitter:card\" content=\"summary_large_image\" class=\"yoast-seo-meta-tag\" \/>\n<meta name=\"twitter:label1\" content=\"Est. reading time\" class=\"yoast-seo-meta-tag\" \/>\n\t<meta name=\"twitter:data1\" content=\"1 minute\" class=\"yoast-seo-meta-tag\" \/>\n<script type=\"application\/ld+json\" class=\"yoast-schema-graph\">{\"@context\":\"https:\/\/schema.org\",\"@graph\":[{\"@type\":\"WebPage\",\"@id\":\"https:\/\/cmperuviajesyaventuras.com\/asia\/\",\"url\":\"https:\/\/cmperuviajesyaventuras.com\/asia\/\",\"name\":\"ASIA - CM VIAJES Y AVENTURAS\",\"isPartOf\":{\"@id\":\"https:\/\/www.cmperuviajesyaventuras.com\/en\/#website\"},\"primaryImageOfPage\":{\"@id\":\"https:\/\/cmperuviajesyaventuras.com\/asia\/#primaryimage\"},\"image\":{\"@id\":\"https:\/\/cmperuviajesyaventuras.com\/asia\/#primaryimage\"},\"thumbnailUrl\":\"https:\/\/cmperuviajesyaventuras.com\/wp-content\/uploads\/elementor\/thumbs\/asia-la-gran-muralla-china-r318sbnvsgryvcwxqz2me1zlj4sn59i7f55hftl3r4.jpg\",\"datePublished\":\"2025-03-16T20:42:23+00:00\",\"dateModified\":\"2025-04-02T14:49:13+00:00\",\"breadcrumb\":{\"@id\":\"https:\/\/cmperuviajesyaventuras.com\/asia\/#breadcrumb\"},\"inLanguage\":\"en-US\",\"potentialAction\":[{\"@type\":\"ReadAction\",\"target\":[\"https:\/\/cmperuviajesyaventuras.com\/asia\/\"]}]},{\"@type\":\"ImageObject\",\"inLanguage\":\"en-US\",\"@id\":\"https:\/\/cmperuviajesyaventuras.com\/asia\/#primaryimage\",\"url\":\"https:\/\/cmperuviajesyaventuras.com\/wp-content\/uploads\/elementor\/thumbs\/asia-la-gran-muralla-china-r318sbnvsgryvcwxqz2me1zlj4sn59i7f55hftl3r4.jpg\",\"contentUrl\":\"https:\/\/cmperuviajesyaventuras.com\/wp-content\/uploads\/elementor\/thumbs\/asia-la-gran-muralla-china-r318sbnvsgryvcwxqz2me1zlj4sn59i7f55hftl3r4.jpg\"},{\"@type\":\"BreadcrumbList\",\"@id\":\"https:\/\/cmperuviajesyaventuras.com\/asia\/#breadcrumb\",\"itemListElement\":[{\"@type\":\"ListItem\",\"position\":1,\"name\":\"Portada\",\"item\":\"https:\/\/cmperuviajesyaventuras.com\/\"},{\"@type\":\"ListItem\",\"position\":2,\"name\":\"ASIA\"}]},{\"@type\":\"WebSite\",\"@id\":\"https:\/\/www.cmperuviajesyaventuras.com\/en\/#website\",\"url\":\"https:\/\/www.cmperuviajesyaventuras.com\/en\/\",\"name\":\"CM VIAJES Y AVENTURAS\",\"description\":\"Agencia de Viajes y Turismo\",\"publisher\":{\"@id\":\"https:\/\/www.cmperuviajesyaventuras.com\/en\/#organization\"},\"potentialAction\":[{\"@type\":\"SearchAction\",\"target\":{\"@type\":\"EntryPoint\",\"urlTemplate\":\"https:\/\/www.cmperuviajesyaventuras.com\/en\/?s={search_term_string}\"},\"query-input\":{\"@type\":\"PropertyValueSpecification\",\"valueRequired\":true,\"valueName\":\"search_term_string\"}}],\"inLanguage\":\"en-US\"},{\"@type\":\"Organization\",\"@id\":\"https:\/\/www.cmperuviajesyaventuras.com\/en\/#organization\",\"name\":\"CM VIAJES Y AVENTURAS\",\"url\":\"https:\/\/www.cmperuviajesyaventuras.com\/en\/\",\"logo\":{\"@type\":\"ImageObject\",\"inLanguage\":\"en-US\",\"@id\":\"https:\/\/www.cmperuviajesyaventuras.com\/en\/#\/schema\/logo\/image\/\",\"url\":\"https:\/\/cmperuviajesyaventuras.com\/wp-content\/uploads\/2025\/02\/cropped-favicon-1.png\",\"contentUrl\":\"https:\/\/cmperuviajesyaventuras.com\/wp-content\/uploads\/2025\/02\/cropped-favicon-1.png\",\"width\":512,\"height\":512,\"caption\":\"CM VIAJES Y AVENTURAS\"},\"image\":{\"@id\":\"https:\/\/www.cmperuviajesyaventuras.com\/en\/#\/schema\/logo\/image\/\"}}]}<\/script>\n<!-- \/ Yoast SEO plugin. -->","yoast_head_json":{"title":"ASIA - CM VIAJES Y AVENTURAS","robots":{"index":"index","follow":"follow","max-snippet":"max-snippet:-1","max-image-preview":"max-image-preview:large","max-video-preview":"max-video-preview:-1"},"canonical":"https:\/\/cmperuviajesyaventuras.com\/en\/asia\/","og_locale":"en_US","og_type":"article","og_title":"ASIA - CM VIAJES Y AVENTURAS","og_description":"Asia &#8211; Tradiciones milenarias y modernidad Atractivos Tur\u00edsticos: China: La Gran Muralla, la Ciudad Prohibida en Pek\u00edn. Jap\u00f3n: Tokio y su modernidad, Kioto y sus templos tradicionales. Tailandia: Playas paradis\u00edacas en Phuket, templos en Bangkok. India: El Taj Mahal, el Ganges y sus rituales espirituales. Vietnam: Bah\u00eda de Ha Long y sus paisajes \u00fanicos.","og_url":"https:\/\/cmperuviajesyaventuras.com\/en\/asia\/","og_site_name":"CM VIAJES Y AVENTURAS","article_modified_time":"2025-04-02T14:49:13+00:00","og_image":[{"url":"https:\/\/cmperuviajesyaventuras.com\/wp-content\/uploads\/elementor\/thumbs\/asia-la-gran-muralla-china-r318sbnvsgryvcwxqz2me1zlj4sn59i7f55hftl3r4.jpg","type":"","width":"","height":""}],"twitter_card":"summary_large_image","twitter_misc":{"Est. reading time":"1 minute"},"schema":{"@context":"https:\/\/schema.org","@graph":[{"@type":"WebPage","@id":"https:\/\/cmperuviajesyaventuras.com\/asia\/","url":"https:\/\/cmperuviajesyaventuras.com\/asia\/","name":"ASIA - CM VIAJES Y AVENTURAS","isPartOf":{"@id":"https:\/\/www.cmperuviajesyaventuras.com\/en\/#website"},"primaryImageOfPage":{"@id":"https:\/\/cmperuviajesyaventuras.com\/asia\/#primaryimage"},"image":{"@id":"https:\/\/cmperuviajesyaventuras.com\/asia\/#primaryimage"},"thumbnailUrl":"https:\/\/cmperuviajesyaventuras.com\/wp-content\/uploads\/elementor\/thumbs\/asia-la-gran-muralla-china-r318sbnvsgryvcwxqz2me1zlj4sn59i7f55hftl3r4.jpg","datePublished":"2025-03-16T20:42:23+00:00","dateModified":"2025-04-02T14:49:13+00:00","breadcrumb":{"@id":"https:\/\/cmperuviajesyaventuras.com\/asia\/#breadcrumb"},"inLanguage":"en-US","potentialAction":[{"@type":"ReadAction","target":["https:\/\/cmperuviajesyaventuras.com\/asia\/"]}]},{"@type":"ImageObject","inLanguage":"en-US","@id":"https:\/\/cmperuviajesyaventuras.com\/asia\/#primaryimage","url":"https:\/\/cmperuviajesyaventuras.com\/wp-content\/uploads\/elementor\/thumbs\/asia-la-gran-muralla-china-r318sbnvsgryvcwxqz2me1zlj4sn59i7f55hftl3r4.jpg","contentUrl":"https:\/\/cmperuviajesyaventuras.com\/wp-content\/uploads\/elementor\/thumbs\/asia-la-gran-muralla-china-r318sbnvsgryvcwxqz2me1zlj4sn59i7f55hftl3r4.jpg"},{"@type":"BreadcrumbList","@id":"https:\/\/cmperuviajesyaventuras.com\/asia\/#breadcrumb","itemListElement":[{"@type":"ListItem","position":1,"name":"Portada","item":"https:\/\/cmperuviajesyaventuras.com\/"},{"@type":"ListItem","position":2,"name":"ASIA"}]},{"@type":"WebSite","@id":"https:\/\/www.cmperuviajesyaventuras.com\/en\/#website","url":"https:\/\/www.cmperuviajesyaventuras.com\/en\/","name":"CM VIAJES Y AVENTURAS","description":"Agencia de Viajes y Turismo","publisher":{"@id":"https:\/\/www.cmperuviajesyaventuras.com\/en\/#organization"},"potentialAction":[{"@type":"SearchAction","target":{"@type":"EntryPoint","urlTemplate":"https:\/\/www.cmperuviajesyaventuras.com\/en\/?s={search_term_string}"},"query-input":{"@type":"PropertyValueSpecification","valueRequired":true,"valueName":"search_term_string"}}],"inLanguage":"en-US"},{"@type":"Organization","@id":"https:\/\/www.cmperuviajesyaventuras.com\/en\/#organization","name":"CM VIAJES Y AVENTURAS","url":"https:\/\/www.cmperuviajesyaventuras.com\/en\/","logo":{"@type":"ImageObject","inLanguage":"en-US","@id":"https:\/\/www.cmperuviajesyaventuras.com\/en\/#\/schema\/logo\/image\/","url":"https:\/\/cmperuviajesyaventuras.com\/wp-content\/uploads\/2025\/02\/cropped-favicon-1.png","contentUrl":"https:\/\/cmperuviajesyaventuras.com\/wp-content\/uploads\/2025\/02\/cropped-favicon-1.png","width":512,"height":512,"caption":"CM VIAJES Y AVENTURAS"},"image":{"@id":"https:\/\/www.cmperuviajesyaventuras.com\/en\/#\/schema\/logo\/image\/"}}]}},"_links":{"self":[{"href":"https:\/\/cmperuviajesyaventuras.com\/en\/wp-json\/wp\/v2\/pages\/5520","targetHints":{"allow":["GET"]}}],"collection":[{"href":"https:\/\/cmperuviajesyaventuras.com\/en\/wp-json\/wp\/v2\/pages"}],"about":[{"href":"https:\/\/cmperuviajesyaventuras.com\/en\/wp-json\/wp\/v2\/types\/page"}],"author":[{"embeddable":true,"href":"https:\/\/cmperuviajesyaventuras.com\/en\/wp-json\/wp\/v2\/users\/1"}],"replies":[{"embeddable":true,"href":"https:\/\/cmperuviajesyaventuras.com\/en\/wp-json\/wp\/v2\/comments?post=5520"}],"version-history":[{"count":30,"href":"https:\/\/cmperuviajesyaventuras.com\/en\/wp-json\/wp\/v2\/pages\/5520\/revisions"}],"predecessor-version":[{"id":8831,"href":"https:\/\/cmperuviajesyaventuras.com\/en\/wp-json\/wp\/v2\/pages\/5520\/revisions\/8831"}],"wp:attachment":[{"href":"https:\/\/cmperuviajesyaventuras.com\/en\/wp-json\/wp\/v2\/media?parent=5520"}],"curies":[{"name":"wp","href":"https:\/\/api.w.org\/{rel}","templated":true}]}}