{"id":5618,"date":"2025-03-16T17:07:46","date_gmt":"2025-03-16T22:07:46","guid":{"rendered":"https:\/\/sitioweb.minkaytec.com\/?page_id=5618"},"modified":"2025-04-01T17:14:48","modified_gmt":"2025-04-01T22:14:48","slug":"tour-a-machupicchu-2d-1n","status":"publish","type":"page","link":"https:\/\/cmperuviajesyaventuras.com\/en\/tour-a-machupicchu-2d-1n\/","title":{"rendered":"TOUR TO MACHUPICCHU 2D\/1N"},"content":{"rendered":"<div data-elementor-type=\"wp-page\" data-elementor-id=\"5618\" class=\"elementor elementor-5618\" data-elementor-post-type=\"page\">\n\t\t\t\t\t\t<section class=\"elementor-section elementor-top-section elementor-element elementor-element-695a339 elementor-section-boxed elementor-section-height-default elementor-section-height-default elementor-invisible\" data-id=\"695a339\" data-element_type=\"section\" data-settings=\"{&quot;animation&quot;:&quot;zoomIn&quot;}\">\n\t\t\t\t\t\t<div class=\"elementor-container elementor-column-gap-default\">\n\t\t\t\t\t<div class=\"elementor-column elementor-col-100 elementor-top-column elementor-element elementor-element-5567161\" data-id=\"5567161\" data-element_type=\"column\">\n\t\t\t<div class=\"elementor-widget-wrap elementor-element-populated\">\n\t\t\t\t\t\t<div class=\"elementor-element elementor-element-4bae2ae elementor-widget elementor-widget-heading\" data-id=\"4bae2ae\" data-element_type=\"widget\" data-widget_type=\"heading.default\">\n\t\t\t\t<div class=\"elementor-widget-container\">\n\t\t\t\t\t<h2 class=\"elementor-heading-title elementor-size-default\">Machupicchu Tour 2D\/1N<\/h2>\t\t\t\t<\/div>\n\t\t\t\t<\/div>\n\t\t\t\t\t<\/div>\n\t\t<\/div>\n\t\t\t\t\t<\/div>\n\t\t<\/section>\n\t\t\t\t<section class=\"elementor-section elementor-top-section elementor-element elementor-element-7f23671 elementor-section-boxed elementor-section-height-default elementor-section-height-default elementor-invisible\" data-id=\"7f23671\" data-element_type=\"section\" data-settings=\"{&quot;animation&quot;:&quot;zoomIn&quot;}\">\n\t\t\t\t\t\t<div class=\"elementor-container elementor-column-gap-default\">\n\t\t\t\t\t<div class=\"elementor-column elementor-col-100 elementor-top-column elementor-element elementor-element-1a1af5b\" data-id=\"1a1af5b\" data-element_type=\"column\">\n\t\t\t<div class=\"elementor-widget-wrap elementor-element-populated\">\n\t\t\t\t\t\t<div class=\"elementor-element elementor-element-9162b5e elementor-widget elementor-widget-image\" data-id=\"9162b5e\" data-element_type=\"widget\" data-widget_type=\"image.default\">\n\t\t\t\t<div class=\"elementor-widget-container\">\n\t\t\t\t\t\t\t\t\t\t\t\t\t\t\t<img decoding=\"async\" src=\"https:\/\/cmperuviajesyaventuras.com\/wp-content\/uploads\/elementor\/thumbs\/contacto-r1yra9prhhhbf3kkjwsl5lwkevdisb36hp2llyskzk.jpg\" title=\"contacto\" alt=\"contacto\" loading=\"lazy\" \/>\t\t\t\t\t\t\t\t\t\t\t\t\t\t\t<\/div>\n\t\t\t\t<\/div>\n\t\t\t\t\t<\/div>\n\t\t<\/div>\n\t\t\t\t\t<\/div>\n\t\t<\/section>\n\t\t\t\t<section class=\"elementor-section elementor-top-section elementor-element elementor-element-74080d7 elementor-section-boxed elementor-section-height-default elementor-section-height-default elementor-invisible\" data-id=\"74080d7\" data-element_type=\"section\" data-settings=\"{&quot;animation&quot;:&quot;zoomIn&quot;}\">\n\t\t\t\t\t\t<div class=\"elementor-container elementor-column-gap-default\">\n\t\t\t\t\t<div class=\"elementor-column elementor-col-100 elementor-top-column elementor-element elementor-element-ce25622\" data-id=\"ce25622\" data-element_type=\"column\">\n\t\t\t<div class=\"elementor-widget-wrap elementor-element-populated\">\n\t\t\t\t\t\t<div class=\"elementor-element elementor-element-f3fa140 elementor-widget elementor-widget-text-editor\" data-id=\"f3fa140\" data-element_type=\"widget\" data-widget_type=\"text-editor.default\">\n\t\t\t\t<div class=\"elementor-widget-container\">\n\t\t\t\t\t\t\t\t\t<p>Discover the majesty of Machu Picchu with a tour designed to provide you with an unforgettable experience.<\/p>\t\t\t\t\t\t\t\t<\/div>\n\t\t\t\t<\/div>\n\t\t\t\t\t<\/div>\n\t\t<\/div>\n\t\t\t\t\t<\/div>\n\t\t<\/section>\n\t\t\t\t<section class=\"elementor-section elementor-top-section elementor-element elementor-element-eb0d1c3 elementor-section-boxed elementor-section-height-default elementor-section-height-default elementor-invisible\" data-id=\"eb0d1c3\" data-element_type=\"section\" data-settings=\"{&quot;animation&quot;:&quot;zoomIn&quot;}\">\n\t\t\t\t\t\t<div class=\"elementor-container elementor-column-gap-default\">\n\t\t\t\t\t<div class=\"elementor-column elementor-col-100 elementor-top-column elementor-element elementor-element-666775e\" data-id=\"666775e\" data-element_type=\"column\">\n\t\t\t<div class=\"elementor-widget-wrap elementor-element-populated\">\n\t\t\t\t\t\t<div class=\"elementor-element elementor-element-88a41a0 elementor-widget elementor-widget-heading\" data-id=\"88a41a0\" data-element_type=\"widget\" data-widget_type=\"heading.default\">\n\t\t\t\t<div class=\"elementor-widget-container\">\n\t\t\t\t\t<h2 class=\"elementor-heading-title elementor-size-default\">Itinerary:<\/h2>\t\t\t\t<\/div>\n\t\t\t\t<\/div>\n\t\t\t\t\t<\/div>\n\t\t<\/div>\n\t\t\t\t\t<\/div>\n\t\t<\/section>\n\t\t\t\t<section class=\"elementor-section elementor-top-section elementor-element elementor-element-b729261 elementor-section-boxed elementor-section-height-default elementor-section-height-default elementor-invisible\" data-id=\"b729261\" data-element_type=\"section\" data-settings=\"{&quot;animation&quot;:&quot;zoomIn&quot;}\">\n\t\t\t\t\t\t<div class=\"elementor-container elementor-column-gap-default\">\n\t\t\t\t\t<div class=\"elementor-column elementor-col-100 elementor-top-column elementor-element elementor-element-1396a94\" data-id=\"1396a94\" data-element_type=\"column\">\n\t\t\t<div class=\"elementor-widget-wrap elementor-element-populated\">\n\t\t\t\t\t\t<div class=\"elementor-element elementor-element-1576d6e elementor-widget elementor-widget-accordion\" data-id=\"1576d6e\" data-element_type=\"widget\" data-widget_type=\"accordion.default\">\n\t\t\t\t<div class=\"elementor-widget-container\">\n\t\t\t\t\t\t\t<div class=\"elementor-accordion\">\n\t\t\t\t\t\t\t<div class=\"elementor-accordion-item\">\n\t\t\t\t\t<div id=\"elementor-tab-title-2251\" class=\"elementor-tab-title\" data-tab=\"1\" role=\"button\" aria-controls=\"elementor-tab-content-2251\" aria-expanded=\"false\">\n\t\t\t\t\t\t\t\t\t\t\t\t\t<span class=\"elementor-accordion-icon elementor-accordion-icon-left\" aria-hidden=\"true\">\n\t\t\t\t\t\t\t\t\t\t\t\t\t\t\t<span class=\"elementor-accordion-icon-closed\"><svg class=\"e-font-icon-svg e-fas-plus\" viewbox=\"0 0 448 512\" xmlns=\"http:\/\/www.w3.org\/2000\/svg\"><path d=\"M416 208H272V64c0-17.67-14.33-32-32-32h-32c-17.67 0-32 14.33-32 32v144H32c-17.67 0-32 14.33-32 32v32c0 17.67 14.33 32 32 32h144v144c0 17.67 14.33 32 32 32h32c17.67 0 32-14.33 32-32V304h144c17.67 0 32-14.33 32-32v-32c0-17.67-14.33-32-32-32z\"><\/path><\/svg><\/span>\n\t\t\t\t\t\t\t\t<span class=\"elementor-accordion-icon-opened\"><svg class=\"e-font-icon-svg e-fas-minus\" viewbox=\"0 0 448 512\" xmlns=\"http:\/\/www.w3.org\/2000\/svg\"><path d=\"M416 208H32c-17.67 0-32 14.33-32 32v32c0 17.67 14.33 32 32 32h384c17.67 0 32-14.33 32-32v-32c0-17.67-14.33-32-32-32z\"><\/path><\/svg><\/span>\n\t\t\t\t\t\t\t\t\t\t\t\t\t\t<\/span>\n\t\t\t\t\t\t\t\t\t\t\t\t<a class=\"elementor-accordion-title\" tabindex=\"0\">DAY 1: Cusco - Aguas Calientes<\/a>\n\t\t\t\t\t<\/div>\n\t\t\t\t\t<div id=\"elementor-tab-content-2251\" class=\"elementor-tab-content elementor-clearfix\" data-tab=\"1\" role=\"region\" aria-labelledby=\"elementor-tab-title-2251\"><ul><li>Pick up from your hotel in Cusco and transfer to the train station.<\/li><li>Take a tourist train ride to Aguas Calientes, enjoying spectacular scenery.<\/li><li>Arrival in Aguas Calientes and reception at the hotel.<\/li><li>Free afternoon to explore the town, visit the hot springs (optional), or enjoy the local cuisine.<\/li><li>Overnight in Aguas Calientes.<\/li><\/ul><\/div>\n\t\t\t\t<\/div>\n\t\t\t\t\t\t\t<div class=\"elementor-accordion-item\">\n\t\t\t\t\t<div id=\"elementor-tab-title-2252\" class=\"elementor-tab-title\" data-tab=\"2\" role=\"button\" aria-controls=\"elementor-tab-content-2252\" aria-expanded=\"false\">\n\t\t\t\t\t\t\t\t\t\t\t\t\t<span class=\"elementor-accordion-icon elementor-accordion-icon-left\" aria-hidden=\"true\">\n\t\t\t\t\t\t\t\t\t\t\t\t\t\t\t<span class=\"elementor-accordion-icon-closed\"><svg class=\"e-font-icon-svg e-fas-plus\" viewbox=\"0 0 448 512\" xmlns=\"http:\/\/www.w3.org\/2000\/svg\"><path d=\"M416 208H272V64c0-17.67-14.33-32-32-32h-32c-17.67 0-32 14.33-32 32v144H32c-17.67 0-32 14.33-32 32v32c0 17.67 14.33 32 32 32h144v144c0 17.67 14.33 32 32 32h32c17.67 0 32-14.33 32-32V304h144c17.67 0 32-14.33 32-32v-32c0-17.67-14.33-32-32-32z\"><\/path><\/svg><\/span>\n\t\t\t\t\t\t\t\t<span class=\"elementor-accordion-icon-opened\"><svg class=\"e-font-icon-svg e-fas-minus\" viewbox=\"0 0 448 512\" xmlns=\"http:\/\/www.w3.org\/2000\/svg\"><path d=\"M416 208H32c-17.67 0-32 14.33-32 32v32c0 17.67 14.33 32 32 32h384c17.67 0 32-14.33 32-32v-32c0-17.67-14.33-32-32-32z\"><\/path><\/svg><\/span>\n\t\t\t\t\t\t\t\t\t\t\t\t\t\t<\/span>\n\t\t\t\t\t\t\t\t\t\t\t\t<a class=\"elementor-accordion-title\" tabindex=\"0\">DAY 2: Machu Picchu - Cusco<\/a>\n\t\t\t\t\t<\/div>\n\t\t\t\t\t<div id=\"elementor-tab-content-2252\" class=\"elementor-tab-content elementor-clearfix\" data-tab=\"2\" role=\"region\" aria-labelledby=\"elementor-tab-title-2252\"><ul><li>Breakfast at the hotel.<\/li><li>Early departure to the Inca citadel of Machu Picchu by tourist bus.<\/li><li>Guided tour of Machu Picchu (approximately 2 hours) exploring its temples, terraces and viewpoints.<\/li><li>Free time for photos and enjoying the scenery.<\/li><li>Return by bus to Aguas Calientes.<\/li><li>Free lunch (optional).<\/li><li>Return train ride to Ollantaytambo and bus transfer to Cusco.<\/li><li>Arrival in Cusco and end of the experience.<\/li><\/ul><\/div>\n\t\t\t\t<\/div>\n\t\t\t\t\t\t\t<div class=\"elementor-accordion-item\">\n\t\t\t\t\t<div id=\"elementor-tab-title-2253\" class=\"elementor-tab-title\" data-tab=\"3\" role=\"button\" aria-controls=\"elementor-tab-content-2253\" aria-expanded=\"false\">\n\t\t\t\t\t\t\t\t\t\t\t\t\t<span class=\"elementor-accordion-icon elementor-accordion-icon-left\" aria-hidden=\"true\">\n\t\t\t\t\t\t\t\t\t\t\t\t\t\t\t<span class=\"elementor-accordion-icon-closed\"><svg class=\"e-font-icon-svg e-fas-plus\" viewbox=\"0 0 448 512\" xmlns=\"http:\/\/www.w3.org\/2000\/svg\"><path d=\"M416 208H272V64c0-17.67-14.33-32-32-32h-32c-17.67 0-32 14.33-32 32v144H32c-17.67 0-32 14.33-32 32v32c0 17.67 14.33 32 32 32h144v144c0 17.67 14.33 32 32 32h32c17.67 0 32-14.33 32-32V304h144c17.67 0 32-14.33 32-32v-32c0-17.67-14.33-32-32-32z\"><\/path><\/svg><\/span>\n\t\t\t\t\t\t\t\t<span class=\"elementor-accordion-icon-opened\"><svg class=\"e-font-icon-svg e-fas-minus\" viewbox=\"0 0 448 512\" xmlns=\"http:\/\/www.w3.org\/2000\/svg\"><path d=\"M416 208H32c-17.67 0-32 14.33-32 32v32c0 17.67 14.33 32 32 32h384c17.67 0 32-14.33 32-32v-32c0-17.67-14.33-32-32-32z\"><\/path><\/svg><\/span>\n\t\t\t\t\t\t\t\t\t\t\t\t\t\t<\/span>\n\t\t\t\t\t\t\t\t\t\t\t\t<a class=\"elementor-accordion-title\" tabindex=\"0\">INCLUDES: <\/a>\n\t\t\t\t\t<\/div>\n\t\t\t\t\t<div id=\"elementor-tab-content-2253\" class=\"elementor-tab-content elementor-clearfix\" data-tab=\"3\" role=\"region\" aria-labelledby=\"elementor-tab-title-2253\"><ul><li>Pick up from your hotel in Cusco and transfers.<\/li><li>Round-trip train ticket (tourist service).<\/li><li>1 night's accommodation in Aguas Calientes.<\/li><li>Entrance ticket to Machu Picchu.<\/li><li>Professional guide in Machu Picchu.<\/li><li>Bus up and down to Machu Picchu.<\/li><li>Personalized assistance during the tour.<\/li><\/ul><\/div>\n\t\t\t\t<\/div>\n\t\t\t\t\t\t\t\t<\/div>\n\t\t\t\t\t\t<\/div>\n\t\t\t\t<\/div>\n\t\t\t\t\t<\/div>\n\t\t<\/div>\n\t\t\t\t\t<\/div>\n\t\t<\/section>\n\t\t\t\t<section class=\"elementor-section elementor-top-section elementor-element elementor-element-0420509 elementor-section-boxed elementor-section-height-default elementor-section-height-default elementor-invisible\" data-id=\"0420509\" data-element_type=\"section\" data-settings=\"{&quot;animation&quot;:&quot;zoomIn&quot;}\">\n\t\t\t\t\t\t<div class=\"elementor-container elementor-column-gap-default\">\n\t\t\t\t\t<div class=\"elementor-column elementor-col-100 elementor-top-column elementor-element elementor-element-24a9286\" data-id=\"24a9286\" data-element_type=\"column\">\n\t\t\t<div class=\"elementor-widget-wrap elementor-element-populated\">\n\t\t\t\t\t\t<div class=\"elementor-element elementor-element-1018f86 elementor-widget elementor-widget-heading\" data-id=\"1018f86\" data-element_type=\"widget\" data-widget_type=\"heading.default\">\n\t\t\t\t<div class=\"elementor-widget-container\">\n\t\t\t\t\t<h2 class=\"elementor-heading-title elementor-size-default\"><a href=\"https:\/\/cmperuviajesyaventuras.com\/en\/planifica-tu-viaje\/\">\u2b50 GET A QUOTE WITH US: \u2b50 \u2709 Write us on WhatsApp and secure your reservation today.<\/a><\/h2>\t\t\t\t<\/div>\n\t\t\t\t<\/div>\n\t\t\t\t\t<\/div>\n\t\t<\/div>\n\t\t\t\t\t<\/div>\n\t\t<\/section>\n\t\t\t\t<\/div>","protected":false},"excerpt":{"rendered":"<p>Tour a machupicchu 2D\/1N Descubre la majestuosidad de Machupicchu con un tour dise\u00f1ado para brindarte una experiencia inolvidable. Itinerario: D\u00cdA 1: Cusco &#8211; Aguas Calientes Recojo desde tu hotel en Cusco y traslado a la estaci\u00f3n de tren. Viaje en tren tur\u00edstico hasta Aguas Calientes disfrutando de paisajes espectaculares. Llegada a Aguas Calientes y recepci\u00f3n [&hellip;]<\/p>","protected":false},"author":1,"featured_media":0,"parent":0,"menu_order":0,"comment_status":"closed","ping_status":"closed","template":"","meta":{"_bbp_topic_count":0,"_bbp_reply_count":0,"_bbp_total_topic_count":0,"_bbp_total_reply_count":0,"_bbp_voice_count":0,"_bbp_anonymous_reply_count":0,"_bbp_topic_count_hidden":0,"_bbp_reply_count_hidden":0,"_bbp_forum_subforum_count":0,"footnotes":""},"class_list":["post-5618","page","type-page","status-publish","hentry"],"aioseo_notices":[],"yoast_head":"<!-- This site is optimized with the Yoast SEO plugin v26.1 - https:\/\/yoast.com\/wordpress\/plugins\/seo\/ -->\n<title>TOUR A MACHUPICCHU 2D\/1N - CM VIAJES Y AVENTURAS<\/title>\n<meta name=\"robots\" content=\"index, follow, max-snippet:-1, max-image-preview:large, max-video-preview:-1\" \/>\n<link rel=\"canonical\" href=\"https:\/\/cmperuviajesyaventuras.com\/en\/tour-a-machupicchu-2d-1n\/\" class=\"yoast-seo-meta-tag\" \/>\n<meta property=\"og:locale\" content=\"en_US\" class=\"yoast-seo-meta-tag\" \/>\n<meta property=\"og:type\" content=\"article\" class=\"yoast-seo-meta-tag\" \/>\n<meta property=\"og:title\" content=\"TOUR A MACHUPICCHU 2D\/1N - CM VIAJES Y AVENTURAS\" class=\"yoast-seo-meta-tag\" \/>\n<meta property=\"og:description\" content=\"Tour a machupicchu 2D\/1N Descubre la majestuosidad de Machupicchu con un tour dise\u00f1ado para brindarte una experiencia inolvidable. Itinerario: D\u00cdA 1: Cusco &#8211; Aguas Calientes Recojo desde tu hotel en Cusco y traslado a la estaci\u00f3n de tren. Viaje en tren tur\u00edstico hasta Aguas Calientes disfrutando de paisajes espectaculares. Llegada a Aguas Calientes y recepci\u00f3n [&hellip;]\" class=\"yoast-seo-meta-tag\" \/>\n<meta property=\"og:url\" content=\"https:\/\/cmperuviajesyaventuras.com\/en\/tour-a-machupicchu-2d-1n\/\" class=\"yoast-seo-meta-tag\" \/>\n<meta property=\"og:site_name\" content=\"CM VIAJES Y AVENTURAS\" class=\"yoast-seo-meta-tag\" \/>\n<meta property=\"article:modified_time\" content=\"2025-04-01T22:14:48+00:00\" class=\"yoast-seo-meta-tag\" \/>\n<meta property=\"og:image\" content=\"https:\/\/cmperuviajesyaventuras.com\/wp-content\/uploads\/elementor\/thumbs\/contacto-r1yra9prhhhbf3kkjwsl5lwkevdisb36hp2llyskzk.jpg\" class=\"yoast-seo-meta-tag\" \/>\n<meta name=\"twitter:card\" content=\"summary_large_image\" class=\"yoast-seo-meta-tag\" \/>\n<meta name=\"twitter:label1\" content=\"Est. reading time\" class=\"yoast-seo-meta-tag\" \/>\n\t<meta name=\"twitter:data1\" content=\"2 minutes\" class=\"yoast-seo-meta-tag\" \/>\n<script type=\"application\/ld+json\" class=\"yoast-schema-graph\">{\"@context\":\"https:\/\/schema.org\",\"@graph\":[{\"@type\":\"WebPage\",\"@id\":\"https:\/\/cmperuviajesyaventuras.com\/tour-a-machupicchu-2d-1n\/\",\"url\":\"https:\/\/cmperuviajesyaventuras.com\/tour-a-machupicchu-2d-1n\/\",\"name\":\"TOUR A MACHUPICCHU 2D\/1N - CM VIAJES Y AVENTURAS\",\"isPartOf\":{\"@id\":\"https:\/\/www.cmperuviajesyaventuras.com\/en\/#website\"},\"primaryImageOfPage\":{\"@id\":\"https:\/\/cmperuviajesyaventuras.com\/tour-a-machupicchu-2d-1n\/#primaryimage\"},\"image\":{\"@id\":\"https:\/\/cmperuviajesyaventuras.com\/tour-a-machupicchu-2d-1n\/#primaryimage\"},\"thumbnailUrl\":\"https:\/\/cmperuviajesyaventuras.com\/wp-content\/uploads\/elementor\/thumbs\/contacto-r1yra9prhhhbf3kkjwsl5lwkevdisb36hp2llyskzk.jpg\",\"datePublished\":\"2025-03-16T22:07:46+00:00\",\"dateModified\":\"2025-04-01T22:14:48+00:00\",\"breadcrumb\":{\"@id\":\"https:\/\/cmperuviajesyaventuras.com\/tour-a-machupicchu-2d-1n\/#breadcrumb\"},\"inLanguage\":\"en-US\",\"potentialAction\":[{\"@type\":\"ReadAction\",\"target\":[\"https:\/\/cmperuviajesyaventuras.com\/tour-a-machupicchu-2d-1n\/\"]}]},{\"@type\":\"ImageObject\",\"inLanguage\":\"en-US\",\"@id\":\"https:\/\/cmperuviajesyaventuras.com\/tour-a-machupicchu-2d-1n\/#primaryimage\",\"url\":\"https:\/\/cmperuviajesyaventuras.com\/wp-content\/uploads\/elementor\/thumbs\/contacto-r1yra9prhhhbf3kkjwsl5lwkevdisb36hp2llyskzk.jpg\",\"contentUrl\":\"https:\/\/cmperuviajesyaventuras.com\/wp-content\/uploads\/elementor\/thumbs\/contacto-r1yra9prhhhbf3kkjwsl5lwkevdisb36hp2llyskzk.jpg\"},{\"@type\":\"BreadcrumbList\",\"@id\":\"https:\/\/cmperuviajesyaventuras.com\/tour-a-machupicchu-2d-1n\/#breadcrumb\",\"itemListElement\":[{\"@type\":\"ListItem\",\"position\":1,\"name\":\"Portada\",\"item\":\"https:\/\/cmperuviajesyaventuras.com\/\"},{\"@type\":\"ListItem\",\"position\":2,\"name\":\"TOUR A MACHUPICCHU 2D\/1N\"}]},{\"@type\":\"WebSite\",\"@id\":\"https:\/\/www.cmperuviajesyaventuras.com\/en\/#website\",\"url\":\"https:\/\/www.cmperuviajesyaventuras.com\/en\/\",\"name\":\"CM VIAJES Y AVENTURAS\",\"description\":\"Agencia de Viajes y Turismo\",\"publisher\":{\"@id\":\"https:\/\/www.cmperuviajesyaventuras.com\/en\/#organization\"},\"potentialAction\":[{\"@type\":\"SearchAction\",\"target\":{\"@type\":\"EntryPoint\",\"urlTemplate\":\"https:\/\/www.cmperuviajesyaventuras.com\/en\/?s={search_term_string}\"},\"query-input\":{\"@type\":\"PropertyValueSpecification\",\"valueRequired\":true,\"valueName\":\"search_term_string\"}}],\"inLanguage\":\"en-US\"},{\"@type\":\"Organization\",\"@id\":\"https:\/\/www.cmperuviajesyaventuras.com\/en\/#organization\",\"name\":\"CM VIAJES Y AVENTURAS\",\"url\":\"https:\/\/www.cmperuviajesyaventuras.com\/en\/\",\"logo\":{\"@type\":\"ImageObject\",\"inLanguage\":\"en-US\",\"@id\":\"https:\/\/www.cmperuviajesyaventuras.com\/en\/#\/schema\/logo\/image\/\",\"url\":\"https:\/\/cmperuviajesyaventuras.com\/wp-content\/uploads\/2025\/02\/cropped-favicon-1.png\",\"contentUrl\":\"https:\/\/cmperuviajesyaventuras.com\/wp-content\/uploads\/2025\/02\/cropped-favicon-1.png\",\"width\":512,\"height\":512,\"caption\":\"CM VIAJES Y AVENTURAS\"},\"image\":{\"@id\":\"https:\/\/www.cmperuviajesyaventuras.com\/en\/#\/schema\/logo\/image\/\"}}]}<\/script>\n<!-- \/ Yoast SEO plugin. -->","yoast_head_json":{"title":"TOUR A MACHUPICCHU 2D\/1N - CM VIAJES Y AVENTURAS","robots":{"index":"index","follow":"follow","max-snippet":"max-snippet:-1","max-image-preview":"max-image-preview:large","max-video-preview":"max-video-preview:-1"},"canonical":"https:\/\/cmperuviajesyaventuras.com\/en\/tour-a-machupicchu-2d-1n\/","og_locale":"en_US","og_type":"article","og_title":"TOUR A MACHUPICCHU 2D\/1N - CM VIAJES Y AVENTURAS","og_description":"Tour a machupicchu 2D\/1N Descubre la majestuosidad de Machupicchu con un tour dise\u00f1ado para brindarte una experiencia inolvidable. Itinerario: D\u00cdA 1: Cusco &#8211; Aguas Calientes Recojo desde tu hotel en Cusco y traslado a la estaci\u00f3n de tren. Viaje en tren tur\u00edstico hasta Aguas Calientes disfrutando de paisajes espectaculares. Llegada a Aguas Calientes y recepci\u00f3n [&hellip;]","og_url":"https:\/\/cmperuviajesyaventuras.com\/en\/tour-a-machupicchu-2d-1n\/","og_site_name":"CM VIAJES Y AVENTURAS","article_modified_time":"2025-04-01T22:14:48+00:00","og_image":[{"url":"https:\/\/cmperuviajesyaventuras.com\/wp-content\/uploads\/elementor\/thumbs\/contacto-r1yra9prhhhbf3kkjwsl5lwkevdisb36hp2llyskzk.jpg","type":"","width":"","height":""}],"twitter_card":"summary_large_image","twitter_misc":{"Est. reading time":"2 minutes"},"schema":{"@context":"https:\/\/schema.org","@graph":[{"@type":"WebPage","@id":"https:\/\/cmperuviajesyaventuras.com\/tour-a-machupicchu-2d-1n\/","url":"https:\/\/cmperuviajesyaventuras.com\/tour-a-machupicchu-2d-1n\/","name":"TOUR A MACHUPICCHU 2D\/1N - CM VIAJES Y AVENTURAS","isPartOf":{"@id":"https:\/\/www.cmperuviajesyaventuras.com\/en\/#website"},"primaryImageOfPage":{"@id":"https:\/\/cmperuviajesyaventuras.com\/tour-a-machupicchu-2d-1n\/#primaryimage"},"image":{"@id":"https:\/\/cmperuviajesyaventuras.com\/tour-a-machupicchu-2d-1n\/#primaryimage"},"thumbnailUrl":"https:\/\/cmperuviajesyaventuras.com\/wp-content\/uploads\/elementor\/thumbs\/contacto-r1yra9prhhhbf3kkjwsl5lwkevdisb36hp2llyskzk.jpg","datePublished":"2025-03-16T22:07:46+00:00","dateModified":"2025-04-01T22:14:48+00:00","breadcrumb":{"@id":"https:\/\/cmperuviajesyaventuras.com\/tour-a-machupicchu-2d-1n\/#breadcrumb"},"inLanguage":"en-US","potentialAction":[{"@type":"ReadAction","target":["https:\/\/cmperuviajesyaventuras.com\/tour-a-machupicchu-2d-1n\/"]}]},{"@type":"ImageObject","inLanguage":"en-US","@id":"https:\/\/cmperuviajesyaventuras.com\/tour-a-machupicchu-2d-1n\/#primaryimage","url":"https:\/\/cmperuviajesyaventuras.com\/wp-content\/uploads\/elementor\/thumbs\/contacto-r1yra9prhhhbf3kkjwsl5lwkevdisb36hp2llyskzk.jpg","contentUrl":"https:\/\/cmperuviajesyaventuras.com\/wp-content\/uploads\/elementor\/thumbs\/contacto-r1yra9prhhhbf3kkjwsl5lwkevdisb36hp2llyskzk.jpg"},{"@type":"BreadcrumbList","@id":"https:\/\/cmperuviajesyaventuras.com\/tour-a-machupicchu-2d-1n\/#breadcrumb","itemListElement":[{"@type":"ListItem","position":1,"name":"Portada","item":"https:\/\/cmperuviajesyaventuras.com\/"},{"@type":"ListItem","position":2,"name":"TOUR A MACHUPICCHU 2D\/1N"}]},{"@type":"WebSite","@id":"https:\/\/www.cmperuviajesyaventuras.com\/en\/#website","url":"https:\/\/www.cmperuviajesyaventuras.com\/en\/","name":"CM VIAJES Y AVENTURAS","description":"Agencia de Viajes y Turismo","publisher":{"@id":"https:\/\/www.cmperuviajesyaventuras.com\/en\/#organization"},"potentialAction":[{"@type":"SearchAction","target":{"@type":"EntryPoint","urlTemplate":"https:\/\/www.cmperuviajesyaventuras.com\/en\/?s={search_term_string}"},"query-input":{"@type":"PropertyValueSpecification","valueRequired":true,"valueName":"search_term_string"}}],"inLanguage":"en-US"},{"@type":"Organization","@id":"https:\/\/www.cmperuviajesyaventuras.com\/en\/#organization","name":"CM VIAJES Y AVENTURAS","url":"https:\/\/www.cmperuviajesyaventuras.com\/en\/","logo":{"@type":"ImageObject","inLanguage":"en-US","@id":"https:\/\/www.cmperuviajesyaventuras.com\/en\/#\/schema\/logo\/image\/","url":"https:\/\/cmperuviajesyaventuras.com\/wp-content\/uploads\/2025\/02\/cropped-favicon-1.png","contentUrl":"https:\/\/cmperuviajesyaventuras.com\/wp-content\/uploads\/2025\/02\/cropped-favicon-1.png","width":512,"height":512,"caption":"CM VIAJES Y AVENTURAS"},"image":{"@id":"https:\/\/www.cmperuviajesyaventuras.com\/en\/#\/schema\/logo\/image\/"}}]}},"_links":{"self":[{"href":"https:\/\/cmperuviajesyaventuras.com\/en\/wp-json\/wp\/v2\/pages\/5618","targetHints":{"allow":["GET"]}}],"collection":[{"href":"https:\/\/cmperuviajesyaventuras.com\/en\/wp-json\/wp\/v2\/pages"}],"about":[{"href":"https:\/\/cmperuviajesyaventuras.com\/en\/wp-json\/wp\/v2\/types\/page"}],"author":[{"embeddable":true,"href":"https:\/\/cmperuviajesyaventuras.com\/en\/wp-json\/wp\/v2\/users\/1"}],"replies":[{"embeddable":true,"href":"https:\/\/cmperuviajesyaventuras.com\/en\/wp-json\/wp\/v2\/comments?post=5618"}],"version-history":[{"count":73,"href":"https:\/\/cmperuviajesyaventuras.com\/en\/wp-json\/wp\/v2\/pages\/5618\/revisions"}],"predecessor-version":[{"id":8649,"href":"https:\/\/cmperuviajesyaventuras.com\/en\/wp-json\/wp\/v2\/pages\/5618\/revisions\/8649"}],"wp:attachment":[{"href":"https:\/\/cmperuviajesyaventuras.com\/en\/wp-json\/wp\/v2\/media?parent=5618"}],"curies":[{"name":"wp","href":"https:\/\/api.w.org\/{rel}","templated":true}]}}